{"id":102,"date":"2024-06-19T21:08:47","date_gmt":"2024-06-19T19:08:47","guid":{"rendered":"https:\/\/lsvd-lsa.de\/?page_id=102"},"modified":"2026-01-25T12:00:55","modified_gmt":"2026-01-25T12:00:55","slug":"ueber-uns","status":"publish","type":"page","link":"https:\/\/lsvd-lsa.de\/en\/der-lsvd\/ueber-uns\/","title":{"rendered":"About us"},"content":{"rendered":"<div data-colibri-id=\"102-c1\" class=\"style-568 style-local-102-c1 position-relative\">\n  <!---->\n  <div data-colibri-component=\"section\" data-colibri-id=\"102-c2\" id=\"reusable-sections\" class=\"h-section h-section-global-spacing d-flex align-items-lg-center align-items-md-center align-items-center style-958 style-local-102-c2 position-relative\">\n    <!---->\n    <!---->\n    <div class=\"h-section-grid-container h-section-boxed-container\">\n      <!---->\n      <div data-colibri-id=\"102-c3\" class=\"h-row-container gutters-row-lg-2 gutters-row-md-2 gutters-row-0 gutters-row-v-lg-2 gutters-row-v-md-2 gutters-row-v-2 style-959 style-local-102-c3 position-relative\">\n        <!---->\n        <div class=\"h-row justify-content-lg-center justify-content-md-center justify-content-center align-items-lg-stretch align-items-md-stretch align-items-stretch gutters-col-lg-2 gutters-col-md-2 gutters-col-0 gutters-col-v-lg-2 gutters-col-v-md-2 gutters-col-v-2\">\n          <!---->\n          <div class=\"h-column h-column-container d-flex h-col-lg-auto h-col-md-auto h-col-auto style-960-outer style-local-102-c4-outer\">\n            <div data-colibri-id=\"102-c4\" class=\"d-flex h-flex-basis h-column__inner h-px-lg-2 h-px-md-2 h-px-2 v-inner-lg-2 v-inner-md-2 v-inner-2 style-960 style-local-102-c4 position-relative\">\n              <!---->\n              <!---->\n              <div class=\"w-100 h-y-container h-column__content h-column__v-align flex-basis-100 align-self-lg-start align-self-md-start align-self-start\">\n                <!---->\n                <div data-colibri-id=\"102-c5\" class=\"d-block style-961 style-local-102-c5 position-relative h-element\">\n                  <!---->\n                  <div class=\"h-image__frame-container-outer\">\n                    <div class=\"h-image__frame-container\">\n                      <!---->\n                      <!---->\n                      <img loading=\"lazy\" decoding=\"async\" width=\"2222\" height=\"1667\" src=\"https:\/\/lsvd-lsa.de\/wp-content\/uploads\/2024\/04\/Logo-LSVD_auf-Farbflaeche.png\" class=\"wp-image-2008 style-961-image style-local-102-c5-image\" alt=\"\" srcset=\"https:\/\/lsvd-lsa.de\/wp-content\/uploads\/2024\/04\/Logo-LSVD_auf-Farbflaeche.png 2222w, https:\/\/lsvd-lsa.de\/wp-content\/uploads\/2024\/04\/Logo-LSVD_auf-Farbflaeche-300x225.png 300w, https:\/\/lsvd-lsa.de\/wp-content\/uploads\/2024\/04\/Logo-LSVD_auf-Farbflaeche-1024x768.png 1024w, https:\/\/lsvd-lsa.de\/wp-content\/uploads\/2024\/04\/Logo-LSVD_auf-Farbflaeche-768x576.png 768w, https:\/\/lsvd-lsa.de\/wp-content\/uploads\/2024\/04\/Logo-LSVD_auf-Farbflaeche-1536x1152.png 1536w, https:\/\/lsvd-lsa.de\/wp-content\/uploads\/2024\/04\/Logo-LSVD_auf-Farbflaeche-2048x1536.png 2048w\" sizes=\"auto, (max-width: 2222px) 100vw, 2222px\" \/>\n                      <div class=\"h-image__frame h-hide-lg h-hide-md h-hide-sm style-961-frameImage style-local-102-c5-frameImage\"><\/div>\n                    <\/div>\n                  <\/div>\n                <\/div>\n              <\/div>\n            <\/div>\n          <\/div>\n          <div class=\"h-column h-column-container d-flex h-col-lg-auto h-col-md-auto h-col-auto style-966-outer style-local-102-c6-outer\">\n            <div data-colibri-id=\"102-c6\" class=\"d-flex h-flex-basis h-column__inner h-px-lg-2 h-px-md-2 h-px-2 v-inner-lg-2 v-inner-md-2 v-inner-2 style-966 style-local-102-c6 position-relative\">\n              <!---->\n              <!---->\n              <div class=\"w-100 h-y-container h-column__content h-column__v-align flex-basis-100 align-self-lg-start align-self-md-start align-self-start\">\n                <!---->\n                <div data-colibri-id=\"102-c7\" class=\"style-1321 style-local-102-c7 position-relative h-element\">\n                  <!---->\n                  <div class=\"h-global-transition-all\"><div id='colibri-102-c7' class='breadcrumb-wrapper'>    <style type=\"text\/css\">\n        \/* breadcrumb separator symbol *\/\n\n        #colibri-102-c7        .colibri-breadcrumb > li + li:before {\n            content: \"\/\";\n            white-space: pre;\n        }\n    <\/style>\n\n    \n    <div class=\"colibri-102-c7-dls-wrapper breadcrumb-items__wrapper\">\n                <ol class=\"breadcrumb colibri-breadcrumb\"><li class=\"breadcrumb-item\"><a href=\"https:\/\/lsvd-lsa.de\/en\/\">\n    <svg version=\"1.1\" xmlns=\"http:\/\/www.w3.org\/2000\/svg\" xmlns:xlink=\"http:\/\/www.w3.org\/1999\/xlink\" id=\"home\" viewbox=\"0 0 1664 1896.0833\">\n      <path d=\"M1408 992v480q0 26-19 45t-45 19H960v-384H704v384H320q-26 0-45-19t-19-45V992q0-1 .5-3t.5-3l575-474 575 474q1 2 1 6zm223-69l-62 74q-8 9-21 11h-3q-13 0-21-7L832 424l-692 577q-12 8-24 7-13-2-21-11l-62-74q-8-10-7-23.5T37 878l719-599q32-26 76-26t76 26l244 204V288q0-14 9-23t23-9h192q14 0 23 9t9 23v408l219 182q10 8 11 21.5t-7 23.5z\" \/>\n    <\/svg><\/a><\/li><li class=\"breadcrumb-item\"><a href=\"https:\/\/lsvd-lsa.de\/en\/der-lsvd\/\">The LSVD<\/a><\/li><\/ol>    <\/div>\n    <\/div><\/div>\n                <\/div>\n                <div data-colibri-id=\"102-c8\" class=\"h-global-transition-all h-heading style-967 style-local-102-c8 position-relative h-element\">\n                  <!---->\n                  <div class=\"h-heading__outer style-967 style-local-102-c8\">\n                    <!---->\n                    <!---->\n                    <h4 class=\"\">About us<\/h4>\n                  <\/div>\n                <\/div>\n                <div data-colibri-id=\"102-c9\" class=\"h-text h-text-component style-968 style-local-102-c9 position-relative h-element\">\n                  <!---->\n                  <!---->\n                  <div class=\"\">\n                    <p>Der <span style=\"font-weight: 600;\">LSVD\u207a \u2013 Verband Queere Vielfalt Sachsen-Anhalt e.V. <\/span>ist als Landesverband Teil des\n                      <a href=\"https:\/\/lsvd.de\" target=\"_blank\" class=\"customize-unpreviewable\">bundesweit agierenden LSVD-Netzwerkes.<\/a> Im Jahr 1995 gegr\u00fcndet, <span style=\"font-weight: 600;\">setzt sich der LSVD Sachsen-Anhalt f\u00fcr die Belange von Lesben, Schwulen, Bisexuellen, trans, inter, nichtbin\u00e4ren, A-Spec* und queeren Menschen (LSBTIAQ*) ein.<\/span>                      So engagiert sich unser Verein auf politischer und gesellschaftlicher Ebene.<\/p>\n                    <p class=\"translation-block\">Our regional association is based at Otto-von-Guericke-Stra\u00dfe 41 in Magdeburg. Regular meetings and events of our diverse groups take place here in the Regenbogencaf\u00e9.<\/p>\n                    <p class=\"translation-block\">Our association also offers various services and projects. These include advice for queer people and rainbow families, information and educational workshops and a queer library. Events are also on our agenda, as are networking and cooperation work.<\/p>\n                    <p class=\"translation-block\">We are a member of the LSVD Bundesverband, the Parit\u00e4tischer Landesverband Sachsen-Anhalt, the Fl\u00fcchtlingsrat Sachsen-Anhalt, the LSQpRT, the MDR-Rundfunkrat and the Landespr\u00e4ventionsrat.<\/p>\n                  <\/div>\n                <\/div>\n              <\/div>\n            <\/div>\n          <\/div>\n        <\/div>\n      <\/div>\n    <\/div>\n  <\/div>\n  <div data-colibri-component=\"section\" data-colibri-id=\"102-c10\" id=\"reusable-sections-2\" class=\"h-section h-section-global-spacing d-flex align-items-lg-center align-items-md-center align-items-center style-1925 style-local-102-c10 position-relative\">\n    <!---->\n    <!---->\n    <div class=\"h-section-grid-container h-section-boxed-container\">\n      <div data-colibri-id=\"102-c18\" class=\"h-row-container gutters-row-lg-2 gutters-row-md-2 gutters-row-2 gutters-row-v-lg-2 gutters-row-v-md-2 gutters-row-v-2 style-1932 style-local-102-c18 position-relative\">\n        <!---->\n        <div class=\"h-row justify-content-lg-center justify-content-md-center justify-content-center align-items-lg-stretch align-items-md-stretch align-items-stretch gutters-col-lg-2 gutters-col-md-2 gutters-col-2 gutters-col-v-lg-2 gutters-col-v-md-2 gutters-col-v-2\">\n          <!---->\n          <div class=\"h-column h-column-container d-flex h-col-lg-auto h-col-md-auto h-col-auto style-1933-outer style-local-102-c19-outer\">\n            <div data-colibri-id=\"102-c19\" class=\"d-flex h-flex-basis h-column__inner h-px-lg-2 h-px-md-2 h-px-2 v-inner-lg-2 v-inner-md-2 v-inner-2 style-1933 style-local-102-c19 position-relative\">\n              <!---->\n              <!---->\n              <div class=\"w-100 h-y-container h-column__content h-column__v-align flex-basis-100 align-self-lg-start align-self-md-start align-self-start\">\n                <!---->\n                <div data-colibri-id=\"102-c20\" class=\"h-global-transition-all h-heading style-1934 style-local-102-c20 position-relative h-element\">\n                  <!---->\n                  <div class=\"h-heading__outer style-1934 style-local-102-c20\">\n                    <!---->\n                    <!---->\n                    <h1 class=\"\">Sponsors and supporters<\/h1>\n                  <\/div>\n                <\/div>\n                <div data-colibri-id=\"102-c21\" class=\"h-lead h-text h-text-component style-1935 style-local-102-c21 position-relative h-element\">\n                  <!---->\n                  <!---->\n                  <div class=\"\">\n                    <p>LSVD Sachsen-Anhalt e.V. is funded by the state of Saxony-Anhalt, in this case the Ministry of Labor, Social Affairs, Health and Equality, and the state capital Magdeburg. The project\n                      <a href=\"https:\/\/lsvd-lsa.de\/en\/angebote\/queer-refugee-support\/\">&#8222;Queer Refugee Support&#8220;<\/a> wird vom Bundesministerium des Innern und f\u00fcr Heimat aufgrund eines Beschlusses des Deutschen Bundestages gef\u00f6rdert.<\/p>\n                  <\/div>\n                <\/div>\n              <\/div>\n            <\/div>\n          <\/div>\n        <\/div>\n      <\/div>\n      <div data-colibri-id=\"102-c11\" data-aos=\"fadeInUp\" class=\"h-row-container gutters-row-lg-1 gutters-row-md-1 gutters-row-0 gutters-row-v-lg-1 gutters-row-v-md-1 gutters-row-v-1 style-1926 style-local-102-c11 position-relative\">\n        <!---->\n        <div class=\"h-row justify-content-lg-center justify-content-md-center justify-content-center align-items-lg-stretch align-items-md-stretch align-items-stretch gutters-col-lg-1 gutters-col-md-1 gutters-col-0 gutters-col-v-lg-1 gutters-col-v-md-1 gutters-col-v-1\">\n          <!---->\n          <div class=\"h-column h-column-container d-flex h-col-lg-auto h-col-md-auto h-col-auto style-1927-outer style-local-102-c12-outer\">\n            <div data-colibri-id=\"102-c12\" class=\"d-flex h-flex-basis h-column__inner h-px-lg-1 h-px-md-1 h-px-1 v-inner-lg-1 v-inner-md-1 v-inner-1 style-1927 style-local-102-c12 position-relative\">\n              <!---->\n              <!---->\n              <div class=\"w-100 h-y-container h-column__content h-column__v-align flex-basis-100 align-self-lg-start align-self-md-start align-self-start\">\n                <!---->\n                <div data-colibri-id=\"102-c13\" class=\"d-block style-1928 style-local-102-c13 position-relative h-element\">\n                  <!---->\n                  <div class=\"h-image__frame-container-outer\">\n                    <div class=\"h-image__frame-container\">\n                      <!---->\n                      <!---->\n                      <img loading=\"lazy\" decoding=\"async\" width=\"1111\" height=\"556\" src=\"https:\/\/lsvd-lsa.de\/wp-content\/uploads\/2024\/06\/Logo_Ministerium.png\" class=\"wp-image-378 style-1928-image style-local-102-c13-image\" alt=\"\" srcset=\"https:\/\/lsvd-lsa.de\/wp-content\/uploads\/2024\/06\/Logo_Ministerium.png 1111w, https:\/\/lsvd-lsa.de\/wp-content\/uploads\/2024\/06\/Logo_Ministerium-300x150.png 300w, https:\/\/lsvd-lsa.de\/wp-content\/uploads\/2024\/06\/Logo_Ministerium-1024x512.png 1024w, https:\/\/lsvd-lsa.de\/wp-content\/uploads\/2024\/06\/Logo_Ministerium-768x384.png 768w\" sizes=\"auto, (max-width: 1111px) 100vw, 1111px\" \/>\n                      <div class=\"h-image__frame h-hide-lg h-hide-md h-hide-sm style-1928-frameImage style-local-102-c13-frameImage\"><\/div>\n                    <\/div>\n                  <\/div>\n                <\/div>\n              <\/div>\n            <\/div>\n          <\/div>\n          <div class=\"h-column h-column-container d-flex h-col-lg-auto h-col-md-auto h-col-auto style-1929-outer style-local-102-c14-outer\">\n            <div data-colibri-id=\"102-c14\" class=\"d-flex h-flex-basis h-column__inner h-px-lg-1 h-px-md-1 h-px-1 v-inner-lg-1 v-inner-md-1 v-inner-1 style-1929 style-local-102-c14 position-relative\">\n              <!---->\n              <!---->\n              <div class=\"w-100 h-y-container h-column__content h-column__v-align flex-basis-100 align-self-lg-start align-self-md-start align-self-start\">\n                <!---->\n                <div data-colibri-id=\"102-c15\" class=\"d-block style-1928 style-local-102-c15 position-relative h-element\">\n                  <!---->\n                  <div class=\"h-image__frame-container-outer\">\n                    <div class=\"h-image__frame-container\">\n                      <!---->\n                      <!---->\n                      <img loading=\"lazy\" decoding=\"async\" width=\"1111\" height=\"556\" src=\"https:\/\/lsvd-lsa.de\/wp-content\/uploads\/2024\/06\/Logo_Ottostadt-Magdeburg.png\" class=\"wp-image-379 style-1928-image style-local-102-c15-image\" alt=\"\" srcset=\"https:\/\/lsvd-lsa.de\/wp-content\/uploads\/2024\/06\/Logo_Ottostadt-Magdeburg.png 1111w, https:\/\/lsvd-lsa.de\/wp-content\/uploads\/2024\/06\/Logo_Ottostadt-Magdeburg-300x150.png 300w, https:\/\/lsvd-lsa.de\/wp-content\/uploads\/2024\/06\/Logo_Ottostadt-Magdeburg-1024x512.png 1024w, https:\/\/lsvd-lsa.de\/wp-content\/uploads\/2024\/06\/Logo_Ottostadt-Magdeburg-768x384.png 768w\" sizes=\"auto, (max-width: 1111px) 100vw, 1111px\" \/>\n                      <div class=\"h-image__frame h-hide-lg h-hide-md h-hide-sm style-1928-frameImage style-local-102-c15-frameImage\"><\/div>\n                    <\/div>\n                  <\/div>\n                <\/div>\n              <\/div>\n            <\/div>\n          <\/div>\n          <div class=\"h-column h-column-container d-flex h-col-lg-auto h-col-md-auto h-col-auto style-1930-outer style-local-102-c16-outer\">\n            <div data-colibri-id=\"102-c16\" class=\"d-flex h-flex-basis h-column__inner h-px-lg-1 h-px-md-1 h-px-1 v-inner-lg-1 v-inner-md-1 v-inner-1 style-1930 style-local-102-c16 position-relative\">\n              <!---->\n              <!---->\n              <div class=\"w-100 h-y-container h-column__content h-column__v-align flex-basis-100 align-self-lg-start align-self-md-start align-self-start\">\n                <!---->\n                <div data-colibri-id=\"102-c17\" class=\"d-block style-1931 style-local-102-c17 position-relative h-element\">\n                  <!---->\n                  <div class=\"h-image__frame-container-outer\">\n                    <div class=\"h-image__frame-container\">\n                      <!---->\n                      <!---->\n                      <img loading=\"lazy\" decoding=\"async\" width=\"1543\" height=\"772\" src=\"https:\/\/lsvd-lsa.de\/wp-content\/uploads\/2024\/07\/Logos-Bundesministerium-des-Innern-und-fuer-Heimat.png\" class=\"wp-image-2970 style-1931-image style-local-102-c17-image\" alt=\"\" srcset=\"https:\/\/lsvd-lsa.de\/wp-content\/uploads\/2024\/07\/Logos-Bundesministerium-des-Innern-und-fuer-Heimat.png 1543w, https:\/\/lsvd-lsa.de\/wp-content\/uploads\/2024\/07\/Logos-Bundesministerium-des-Innern-und-fuer-Heimat-300x150.png 300w, https:\/\/lsvd-lsa.de\/wp-content\/uploads\/2024\/07\/Logos-Bundesministerium-des-Innern-und-fuer-Heimat-1024x512.png 1024w, https:\/\/lsvd-lsa.de\/wp-content\/uploads\/2024\/07\/Logos-Bundesministerium-des-Innern-und-fuer-Heimat-768x384.png 768w, https:\/\/lsvd-lsa.de\/wp-content\/uploads\/2024\/07\/Logos-Bundesministerium-des-Innern-und-fuer-Heimat-1536x768.png 1536w\" sizes=\"auto, (max-width: 1543px) 100vw, 1543px\" \/>\n                      <div class=\"h-image__frame h-hide-lg h-hide-md h-hide-sm style-1931-frameImage style-local-102-c17-frameImage\"><\/div>\n                    <\/div>\n                  <\/div>\n                <\/div>\n              <\/div>\n            <\/div>\n          <\/div>\n        <\/div>\n      <\/div>\n    <\/div>\n  <\/div>\n<\/div>","protected":false},"excerpt":{"rendered":"<p>\u00dcber uns Der LSVD\u207a \u2013 Verband Queere Vielfalt Sachsen-Anhalt e.V. ist als Landesverband Teil des bundesweit agierenden LSVD-Netzwerkes. Im Jahr 1995 gegr\u00fcndet, setzt sich der LSVD Sachsen-Anhalt f\u00fcr die Belange von Lesben, Schwulen, Bisexuellen, trans, inter, nichtbin\u00e4ren, A-Spec* und queeren Menschen (LSBTIAQ*) ein. So engagiert sich unser Verein auf politischer und gesellschaftlicher Ebene. Unser Landesverband [&hellip;]<\/p>\n","protected":false},"author":1,"featured_media":0,"parent":101,"menu_order":0,"comment_status":"closed","ping_status":"closed","template":"page-templates\/full-width-page.php","meta":{"pgc_sgb_lightbox_settings":"","footnotes":""},"class_list":["post-102","page","type-page","status-publish","hentry"],"_links":{"self":[{"href":"https:\/\/lsvd-lsa.de\/en\/wp-json\/wp\/v2\/pages\/102","targetHints":{"allow":["GET"]}}],"collection":[{"href":"https:\/\/lsvd-lsa.de\/en\/wp-json\/wp\/v2\/pages"}],"about":[{"href":"https:\/\/lsvd-lsa.de\/en\/wp-json\/wp\/v2\/types\/page"}],"author":[{"embeddable":true,"href":"https:\/\/lsvd-lsa.de\/en\/wp-json\/wp\/v2\/users\/1"}],"replies":[{"embeddable":true,"href":"https:\/\/lsvd-lsa.de\/en\/wp-json\/wp\/v2\/comments?post=102"}],"version-history":[{"count":20,"href":"https:\/\/lsvd-lsa.de\/en\/wp-json\/wp\/v2\/pages\/102\/revisions"}],"predecessor-version":[{"id":4669,"href":"https:\/\/lsvd-lsa.de\/en\/wp-json\/wp\/v2\/pages\/102\/revisions\/4669"}],"up":[{"embeddable":true,"href":"https:\/\/lsvd-lsa.de\/en\/wp-json\/wp\/v2\/pages\/101"}],"wp:attachment":[{"href":"https:\/\/lsvd-lsa.de\/en\/wp-json\/wp\/v2\/media?parent=102"}],"curies":[{"name":"wp","href":"https:\/\/api.w.org\/{rel}","templated":true}]}}