{"id":106,"date":"2024-06-19T21:08:47","date_gmt":"2024-06-19T19:08:47","guid":{"rendered":"https:\/\/lsvd-lsa.de\/?page_id=106"},"modified":"2025-01-25T17:46:40","modified_gmt":"2025-01-25T16:46:40","slug":"satzung","status":"publish","type":"page","link":"https:\/\/lsvd-lsa.de\/en\/der-lsvd\/satzung\/","title":{"rendered":"Statute"},"content":{"rendered":"<div data-colibri-id=\"106-c1\" class=\"style-531 style-local-106-c1 position-relative\">\n  <!---->\n  <div data-colibri-component=\"section\" data-colibri-id=\"106-c2\" id=\"reusable-sections-2\" class=\"h-section h-section-global-spacing d-flex align-items-lg-center align-items-md-center align-items-center style-1353 style-local-106-c2 position-relative\">\n    <!---->\n    <!---->\n    <div class=\"h-section-grid-container h-section-boxed-container\">\n      <!---->\n      <div data-colibri-id=\"106-c3\" class=\"h-row-container gutters-row-lg-2 gutters-row-md-2 gutters-row-0 gutters-row-v-lg-2 gutters-row-v-md-2 gutters-row-v-2 style-1354 style-local-106-c3 position-relative\">\n        <!---->\n        <div class=\"h-row justify-content-lg-center justify-content-md-center justify-content-center align-items-lg-stretch align-items-md-stretch align-items-stretch gutters-col-lg-2 gutters-col-md-2 gutters-col-0 gutters-col-v-lg-2 gutters-col-v-md-2 gutters-col-v-2\">\n          <!---->\n          <div class=\"h-column h-column-container d-flex h-col-lg-auto h-col-md-auto h-col-auto style-1355-outer style-local-106-c4-outer\">\n            <div data-colibri-id=\"106-c4\" class=\"d-flex h-flex-basis h-column__inner h-px-lg-2 h-px-md-2 h-px-2 v-inner-lg-2 v-inner-md-2 v-inner-2 style-1355 style-local-106-c4 position-relative\">\n              <!---->\n              <!---->\n              <div class=\"w-100 h-y-container h-column__content h-column__v-align flex-basis-100 align-self-lg-start align-self-md-start align-self-start\">\n                <!---->\n                <div data-colibri-id=\"106-c5\" class=\"d-block style-1356 style-local-106-c5 position-relative h-element\">\n                  <!---->\n                  <div class=\"h-image__frame-container-outer\">\n                    <div class=\"h-image__frame-container\">\n                      <!---->\n                      <!---->\n                      <img loading=\"lazy\" decoding=\"async\" width=\"2560\" height=\"1707\" src=\"https:\/\/lsvd-lsa.de\/wp-content\/uploads\/2024\/07\/vecteezy_coordination-concept-wooden-block-on-desk-with-coordination_39070195-scaled.jpg\" class=\"wp-image-1779 style-1356-image style-local-106-c5-image\" alt=\"\" srcset=\"https:\/\/lsvd-lsa.de\/wp-content\/uploads\/2024\/07\/vecteezy_coordination-concept-wooden-block-on-desk-with-coordination_39070195-scaled.jpg 2560w, https:\/\/lsvd-lsa.de\/wp-content\/uploads\/2024\/07\/vecteezy_coordination-concept-wooden-block-on-desk-with-coordination_39070195-300x200.jpg 300w, https:\/\/lsvd-lsa.de\/wp-content\/uploads\/2024\/07\/vecteezy_coordination-concept-wooden-block-on-desk-with-coordination_39070195-1024x683.jpg 1024w, https:\/\/lsvd-lsa.de\/wp-content\/uploads\/2024\/07\/vecteezy_coordination-concept-wooden-block-on-desk-with-coordination_39070195-768x512.jpg 768w, https:\/\/lsvd-lsa.de\/wp-content\/uploads\/2024\/07\/vecteezy_coordination-concept-wooden-block-on-desk-with-coordination_39070195-1536x1024.jpg 1536w, https:\/\/lsvd-lsa.de\/wp-content\/uploads\/2024\/07\/vecteezy_coordination-concept-wooden-block-on-desk-with-coordination_39070195-2048x1365.jpg 2048w\" sizes=\"auto, (max-width: 2560px) 100vw, 2560px\" \/>\n                      <div class=\"h-image__frame h-hide-lg h-hide-md h-hide-sm style-1356-frameImage style-local-106-c5-frameImage\"><\/div>\n                    <\/div>\n                  <\/div>\n                <\/div>\n              <\/div>\n            <\/div>\n          <\/div>\n          <div class=\"h-column h-column-container d-flex h-col-lg-auto h-col-md-auto h-col-auto style-1361-outer style-local-106-c6-outer\">\n            <div data-colibri-id=\"106-c6\" class=\"d-flex h-flex-basis h-column__inner h-px-lg-2 h-px-md-2 h-px-2 v-inner-lg-2 v-inner-md-2 v-inner-2 style-1361 style-local-106-c6 position-relative\">\n              <!---->\n              <!---->\n              <div class=\"w-100 h-y-container h-column__content h-column__v-align flex-basis-100 align-self-lg-start align-self-md-start align-self-start\">\n                <!---->\n                <div data-colibri-id=\"106-c7\" class=\"style-1352 style-local-106-c7 position-relative h-element\">\n                  <!---->\n                  <div class=\"h-global-transition-all\"><div id='colibri-106-c7' class='breadcrumb-wrapper'>    <style type=\"text\/css\">\n        \/* breadcrumb separator symbol *\/\n\n        #colibri-106-c7        .colibri-breadcrumb > li + li:before {\n            content: \"\/\";\n            white-space: pre;\n        }\n    <\/style>\n\n    \n    <div class=\"colibri-106-c7-dls-wrapper breadcrumb-items__wrapper\">\n                <ol class=\"breadcrumb colibri-breadcrumb\"><li class=\"breadcrumb-item\"><a href=\"https:\/\/lsvd-lsa.de\/en\/\">\n    <svg version=\"1.1\" xmlns=\"http:\/\/www.w3.org\/2000\/svg\" xmlns:xlink=\"http:\/\/www.w3.org\/1999\/xlink\" id=\"home\" viewbox=\"0 0 1664 1896.0833\">\n      <path d=\"M1408 992v480q0 26-19 45t-45 19H960v-384H704v384H320q-26 0-45-19t-19-45V992q0-1 .5-3t.5-3l575-474 575 474q1 2 1 6zm223-69l-62 74q-8 9-21 11h-3q-13 0-21-7L832 424l-692 577q-12 8-24 7-13-2-21-11l-62-74q-8-10-7-23.5T37 878l719-599q32-26 76-26t76 26l244 204V288q0-14 9-23t23-9h192q14 0 23 9t9 23v408l219 182q10 8 11 21.5t-7 23.5z\" \/>\n    <\/svg><\/a><\/li><li class=\"breadcrumb-item\"><a href=\"https:\/\/lsvd-lsa.de\/en\/der-lsvd\/\">The LSVD<\/a><\/li><\/ol>    <\/div>\n    <\/div><\/div>\n                <\/div>\n                <div data-colibri-id=\"106-c8\" class=\"h-global-transition-all h-heading style-1362 style-local-106-c8 position-relative h-element\">\n                  <!---->\n                  <div class=\"h-heading__outer style-1362 style-local-106-c8\">\n                    <!---->\n                    <!---->\n                    <h4 class=\"\">Statute<\/h4>\n                  <\/div>\n                <\/div>\n                <div data-colibri-id=\"106-c9\" class=\"h-text h-text-component style-1363 style-local-106-c9 position-relative h-element\">\n                  <!---->\n                  <!---->\n                  <div class=\"\">\n                    <p>An dieser Stelle findet ihr unsere aktuelle Satzung zum Download.<em><br><\/em>ge\u00e4ndert am 26. Juni 2021 (erste \u00c4nderung)\n                      <br>zuletzt ge\u00e4ndert am 3. Dezember 2022 (zweite \u00c4nderung)<\/p>\n                  <\/div>\n                <\/div>\n                <div data-colibri-id=\"106-c10\" class=\"h-x-container style-1310 style-local-106-c10 position-relative h-element\">\n                  <!---->\n                  <div class=\"h-x-container-inner style-dynamic-106-c10-group style-1310-spacing style-local-106-c10-spacing\"><span class=\"h-button__outer style-1311-outer style-local-106-c11-outer d-inline-flex h-element\"><a h-use-smooth-scroll=\"true\" href=\"https:\/\/lsvd-lsa.de\/wp-content\/uploads\/2025\/01\/2022-12-03_LSVD_Satzung.pdf\" target=\"_blank\"  data-colibri-id=\"106-c11\" class=\"d-flex w-100 align-items-center h-button justify-content-lg-center justify-content-md-center justify-content-center style-1311 style-local-106-c11 position-relative\"><!----><span  class=\"h-svg-icon h-button__icon style-1311-icon style-local-106-c11-icon\"><!--Icon by Font Awesome (https:\/\/fontawesome.com)-->\n    <svg version=\"1.1\" xmlns=\"http:\/\/www.w3.org\/2000\/svg\" xmlns:xlink=\"http:\/\/www.w3.org\/1999\/xlink\" id=\"book\" viewbox=\"0 0 1664 1896.0833\">\n      <path d=\"M1639 478q40 57 18 129l-275 906q-19 64-76.5 107.5T1183 1664H260q-77 0-148.5-53.5T12 1479q-24-67-2-127 0-4 3-27t4-37q1-8-3-21.5t-3-19.5q2-11 8-21t16.5-23.5T52 1179q23-38 45-91.5t30-91.5q3-10 .5-30t-.5-28q3-11 17-28t17-23q21-36 42-92t25-90q1-9-2.5-32t.5-28q4-13 22-30.5t22-22.5q19-26 42.5-84.5T340 411q1-8-3-25.5t-2-26.5q2-8 9-18t18-23 17-21q8-12 16.5-30.5t15-35 16-36 19.5-32 26.5-23.5 36-11.5T556 134l-1 3q38-9 51-9h761q74 0 114 56t18 130l-274 906q-36 119-71.5 153.5T1025 1408H156q-27 0-38 15-11 16-1 43 24 70 144 70h923q29 0 56-15.5t35-41.5l300-987q7-22 5-57 38 15 59 43zm-1064 2q-4 13 2 22.5t20 9.5h608q13 0 25.5-9.5T1247 480l21-64q4-13-2-22.5t-20-9.5H638q-13 0-25.5 9.5T596 416zm-83 256q-4 13 2 22.5t20 9.5h608q13 0 25.5-9.5T1164 736l21-64q4-13-2-22.5t-20-9.5H555q-13 0-25.5 9.5T513 672z\"><\/path>\n    <\/svg><\/span> <span>Statute<\/span><\/a>\n                    <\/span>\n                  <\/div>\n                <\/div>\n              <\/div>\n            <\/div>\n          <\/div>\n        <\/div>\n      <\/div>\n    <\/div>\n  <\/div>\n<\/div>","protected":false},"excerpt":{"rendered":"<p>Satzung An dieser Stelle findet ihr unsere aktuelle Satzung zum Download.ge\u00e4ndert am 26. Juni 2021 (erste \u00c4nderung) zuletzt ge\u00e4ndert am 3. Dezember 2022 (zweite \u00c4nderung) Satzung<\/p>","protected":false},"author":1,"featured_media":0,"parent":101,"menu_order":0,"comment_status":"closed","ping_status":"closed","template":"page-templates\/full-width-page.php","meta":{"pgc_sgb_lightbox_settings":"","footnotes":""},"class_list":["post-106","page","type-page","status-publish","hentry"],"_links":{"self":[{"href":"https:\/\/lsvd-lsa.de\/en\/wp-json\/wp\/v2\/pages\/106","targetHints":{"allow":["GET"]}}],"collection":[{"href":"https:\/\/lsvd-lsa.de\/en\/wp-json\/wp\/v2\/pages"}],"about":[{"href":"https:\/\/lsvd-lsa.de\/en\/wp-json\/wp\/v2\/types\/page"}],"author":[{"embeddable":true,"href":"https:\/\/lsvd-lsa.de\/en\/wp-json\/wp\/v2\/users\/1"}],"replies":[{"embeddable":true,"href":"https:\/\/lsvd-lsa.de\/en\/wp-json\/wp\/v2\/comments?post=106"}],"version-history":[{"count":11,"href":"https:\/\/lsvd-lsa.de\/en\/wp-json\/wp\/v2\/pages\/106\/revisions"}],"predecessor-version":[{"id":3784,"href":"https:\/\/lsvd-lsa.de\/en\/wp-json\/wp\/v2\/pages\/106\/revisions\/3784"}],"up":[{"embeddable":true,"href":"https:\/\/lsvd-lsa.de\/en\/wp-json\/wp\/v2\/pages\/101"}],"wp:attachment":[{"href":"https:\/\/lsvd-lsa.de\/en\/wp-json\/wp\/v2\/media?parent=106"}],"curies":[{"name":"wp","href":"https:\/\/api.w.org\/{rel}","templated":true}]}}