{"id":116,"date":"2024-06-19T21:08:48","date_gmt":"2024-06-19T19:08:48","guid":{"rendered":"https:\/\/lsvd-lsa.de\/?page_id=116"},"modified":"2024-07-09T18:41:26","modified_gmt":"2024-07-09T16:41:26","slug":"mitglied-werden","status":"publish","type":"page","link":"https:\/\/lsvd-lsa.de\/en\/aktiv-werden\/mitglied-werden\/","title":{"rendered":"Become a member"},"content":{"rendered":"<div data-colibri-id=\"116-c1\" class=\"style-993 style-local-116-c1 position-relative\">\n  <!---->\n  <div data-colibri-component=\"section\" data-colibri-id=\"116-c2\" id=\"reusable-sections\" class=\"h-section h-section-global-spacing d-flex align-items-lg-center align-items-md-center align-items-center style-994 style-local-116-c2 position-relative\">\n    <!---->\n    <!---->\n    <div class=\"h-section-grid-container h-section-boxed-container\">\n      <!---->\n      <div data-colibri-id=\"116-c3\" class=\"h-row-container gutters-row-lg-2 gutters-row-md-2 gutters-row-0 gutters-row-v-lg-2 gutters-row-v-md-2 gutters-row-v-2 style-995 style-local-116-c3 position-relative\">\n        <!---->\n        <div class=\"h-row justify-content-lg-center justify-content-md-center justify-content-center align-items-lg-stretch align-items-md-stretch align-items-stretch gutters-col-lg-2 gutters-col-md-2 gutters-col-0 gutters-col-v-lg-2 gutters-col-v-md-2 gutters-col-v-2\">\n          <!---->\n          <div class=\"h-column h-column-container d-flex h-col-lg-auto h-col-md-auto h-col-auto style-996-outer style-local-116-c4-outer\">\n            <div data-colibri-id=\"116-c4\" class=\"d-flex h-flex-basis h-column__inner h-px-lg-2 h-px-md-2 h-px-2 v-inner-lg-2 v-inner-md-2 v-inner-2 style-996 style-local-116-c4 position-relative\">\n              <!---->\n              <!---->\n              <div class=\"w-100 h-y-container h-column__content h-column__v-align flex-basis-100 align-self-lg-start align-self-md-start align-self-start\">\n                <!---->\n                <div data-colibri-id=\"116-c5\" class=\"d-block style-997 style-local-116-c5 position-relative h-element\">\n                  <!---->\n                  <div class=\"h-image__frame-container-outer\">\n                    <div class=\"h-image__frame-container\">\n                      <!---->\n                      <!---->\n                      <img loading=\"lazy\" decoding=\"async\" width=\"2560\" height=\"1707\" src=\"https:\/\/lsvd-lsa.de\/wp-content\/uploads\/2024\/06\/vecteezy_asian-woman-with-rainbow-flag-lgbt-symbol-rights-and-gender_11250602-scaled.jpg\" class=\"wp-image-967 style-997-image style-local-116-c5-image\" alt=\"\" srcset=\"https:\/\/lsvd-lsa.de\/wp-content\/uploads\/2024\/06\/vecteezy_asian-woman-with-rainbow-flag-lgbt-symbol-rights-and-gender_11250602-scaled.jpg 2560w, https:\/\/lsvd-lsa.de\/wp-content\/uploads\/2024\/06\/vecteezy_asian-woman-with-rainbow-flag-lgbt-symbol-rights-and-gender_11250602-300x200.jpg 300w, https:\/\/lsvd-lsa.de\/wp-content\/uploads\/2024\/06\/vecteezy_asian-woman-with-rainbow-flag-lgbt-symbol-rights-and-gender_11250602-1024x683.jpg 1024w, https:\/\/lsvd-lsa.de\/wp-content\/uploads\/2024\/06\/vecteezy_asian-woman-with-rainbow-flag-lgbt-symbol-rights-and-gender_11250602-768x512.jpg 768w, https:\/\/lsvd-lsa.de\/wp-content\/uploads\/2024\/06\/vecteezy_asian-woman-with-rainbow-flag-lgbt-symbol-rights-and-gender_11250602-1536x1024.jpg 1536w, https:\/\/lsvd-lsa.de\/wp-content\/uploads\/2024\/06\/vecteezy_asian-woman-with-rainbow-flag-lgbt-symbol-rights-and-gender_11250602-2048x1365.jpg 2048w\" sizes=\"auto, (max-width: 2560px) 100vw, 2560px\" \/>\n                      <div class=\"h-image__frame h-hide-lg h-hide-md h-hide-sm style-997-frameImage style-local-116-c5-frameImage\"><\/div>\n                    <\/div>\n                  <\/div>\n                <\/div>\n              <\/div>\n            <\/div>\n          <\/div>\n          <div class=\"h-column h-column-container d-flex h-col-lg-auto h-col-md-auto h-col-auto style-1002-outer style-local-116-c6-outer\">\n            <div data-colibri-id=\"116-c6\" class=\"d-flex h-flex-basis h-column__inner h-px-lg-2 h-px-md-2 h-px-2 v-inner-lg-2 v-inner-md-2 v-inner-2 style-1002 style-local-116-c6 position-relative\">\n              <!---->\n              <!---->\n              <div class=\"w-100 h-y-container h-column__content h-column__v-align flex-basis-100 align-self-lg-start align-self-md-start align-self-start\">\n                <!---->\n                <div data-colibri-id=\"116-c7\" class=\"style-1323 style-local-116-c7 position-relative h-element\">\n                  <!---->\n                  <div class=\"h-global-transition-all\"><div id='colibri-116-c7' class='breadcrumb-wrapper'>    <style type=\"text\/css\">\n        \/* breadcrumb separator symbol *\/\n\n        #colibri-116-c7        .colibri-breadcrumb > li + li:before {\n            content: \"\/\";\n            white-space: pre;\n        }\n    <\/style>\n\n    \n    <div class=\"colibri-116-c7-dls-wrapper breadcrumb-items__wrapper\">\n                <ol class=\"breadcrumb colibri-breadcrumb\"><li class=\"breadcrumb-item\"><a href=\"https:\/\/lsvd-lsa.de\/en\/\">\n    <svg version=\"1.1\" xmlns=\"http:\/\/www.w3.org\/2000\/svg\" xmlns:xlink=\"http:\/\/www.w3.org\/1999\/xlink\" id=\"home\" viewbox=\"0 0 1664 1896.0833\">\n      <path d=\"M1408 992v480q0 26-19 45t-45 19H960v-384H704v384H320q-26 0-45-19t-19-45V992q0-1 .5-3t.5-3l575-474 575 474q1 2 1 6zm223-69l-62 74q-8 9-21 11h-3q-13 0-21-7L832 424l-692 577q-12 8-24 7-13-2-21-11l-62-74q-8-10-7-23.5T37 878l719-599q32-26 76-26t76 26l244 204V288q0-14 9-23t23-9h192q14 0 23 9t9 23v408l219 182q10 8 11 21.5t-7 23.5z\" \/>\n    <\/svg><\/a><\/li><li class=\"breadcrumb-item\"><a href=\"https:\/\/lsvd-lsa.de\/en\/aktiv-werden\/\">Get active<\/a><\/li><\/ol>    <\/div>\n    <\/div><\/div>\n                <\/div>\n                <div data-colibri-id=\"116-c8\" class=\"h-global-transition-all h-heading style-1003 style-local-116-c8 position-relative h-element\">\n                  <!---->\n                  <div class=\"h-heading__outer style-1003 style-local-116-c8\">\n                    <!---->\n                    <!---->\n                    <h4 class=\"\">Ja, ich will Mitglied werden!<\/h4>\n                  <\/div>\n                <\/div>\n                <div data-colibri-id=\"116-c9\" class=\"h-text h-text-component style-1004 style-local-116-c9 position-relative h-element\">\n                  <!---->\n                  <!---->\n                  <div class=\"\">\n                    <p>Ich unterst\u00fctzte Menschenrechte, Vielfalt und Respekt.\n                      <br>Ich unterst\u00fctze den LSVD.<\/p>\n                    <p>Der LSVD hat schon viel bewirkt, aber das allein gen\u00fcgt nicht. Der Lesben- und Schwulenverband braucht tatkr\u00e4ftige Unterst\u00fctzung! Noch mehr k\u00f6nnte schon erreicht sein, wenn sich mehr beteiligten. Aus diesem Grund ist eine Mitgliedschaft\n                      im LSVD sinnvoll und wichtig. Aktive Mitarbeit und eine Mitgliedschaft st\u00e4rkt unseren Verband und hilft, unsere Ziele durchzusetzen.&nbsp;<\/p>\n                  <\/div>\n                <\/div>\n                <div data-colibri-id=\"116-c10\" class=\"h-global-transition-all h-heading style-1003 style-local-116-c10 position-relative h-element\">\n                  <!---->\n                  <div class=\"h-heading__outer style-1003 style-local-116-c10\">\n                    <!---->\n                    <!---->\n                    <h4 class=\"\">Dem LSVD beitreten:<\/h4>\n                  <\/div>\n                <\/div>\n                <div data-colibri-id=\"116-c11\" class=\"icon-list d-flex justify-content-lg-start justify-content-md-start justify-content-start style-1005 style-local-116-c11 position-relative h-element\">\n                  <!---->\n                  <ul class=\"ul-list-icon vertical-on-desktop vertical-on-tablet vertical-on-mobile justify-content-lg-start justify-content-md-start justify-content-start\">\n                    <!---->\n                    <li class=\"list-item no-gutters\">\n                      <!---->\n                      <div class=\"list-container-divider d-flex justify-content-lg-start justify-content-md-start justify-content-start first-el-spacer\"><\/div>\n                      <a href=\"https:\/\/www.lsvd.de\/de\/ct\/1074-Respekt-fuer-LSBTI-staerken-Jetzt-Mitglied-werden\" target=\"_blank\" h-use-smooth-scroll=\"true\" class=\"item-link no-gutters\" rel=\"noopener\">\n                        <div class=\"d-flex h-col no-gutters align-items-lg-center align-items-md-center align-items-center list-item-text-wrapper\">\n                          <div class=\"d-flex\"><span class=\"h-svg-icon style-1005-icon style-local-116-c11-icon\"><!--Icon by Font Awesome (https:\/\/fontawesome.com)-->\n    <svg version=\"1.1\" xmlns=\"http:\/\/www.w3.org\/2000\/svg\" xmlns:xlink=\"http:\/\/www.w3.org\/1999\/xlink\" id=\"arrow-right\" viewbox=\"0 0 1536 1896.0833\">\n      <path d=\"M1472 960q0 54-37 91l-651 651q-39 37-91 37-51 0-90-37l-75-75q-38-38-38-91t38-91l293-293H117q-52 0-84.5-37.5T0 1024V896q0-53 32.5-90.5T117 768h704L528 474q-38-36-38-90t38-90l75-75q38-38 90-38 53 0 91 38l651 651q37 35 37 90z\"><\/path>\n    <\/svg><\/span><\/div> <span class=\"list-text d-block\"><span>Mitgliedschaft online beantragen<\/span><\/span>\n                        <\/div>\n                      <\/a>\n                      <div class=\"list-container-divider d-flex justify-content-lg-start justify-content-md-start justify-content-start\">\n                        <!---->\n                      <\/div>\n                    <\/li>\n                    <li class=\"list-item no-gutters\">\n                      <!---->\n                      <!---->\n                      <a href=\"https:\/\/www.lsvd.de\/fileadmin\/pics\/Dokumente\/Verband\/LSVD_Eintrittsformular.pdf\" target=\"_blank\" h-use-smooth-scroll=\"true\" class=\"item-link no-gutters\" rel=\"noopener\">\n                        <div class=\"d-flex h-col no-gutters align-items-lg-center align-items-md-center align-items-center list-item-text-wrapper\">\n                          <div class=\"d-flex\"><span class=\"h-svg-icon style-1005-icon style-local-116-c11-icon\"><!--Icon by Font Awesome (https:\/\/fontawesome.com)-->\n    <svg version=\"1.1\" xmlns=\"http:\/\/www.w3.org\/2000\/svg\" xmlns:xlink=\"http:\/\/www.w3.org\/1999\/xlink\" id=\"arrow-right\" viewbox=\"0 0 1536 1896.0833\">\n      <path d=\"M1472 960q0 54-37 91l-651 651q-39 37-91 37-51 0-90-37l-75-75q-38-38-38-91t38-91l293-293H117q-52 0-84.5-37.5T0 1024V896q0-53 32.5-90.5T117 768h704L528 474q-38-36-38-90t38-90l75-75q38-38 90-38 53 0 91 38l651 651q37 35 37 90z\"><\/path>\n    <\/svg><\/span><\/div> <span class=\"list-text d-block\"><span>Download Mitgliedsantrag<\/span><\/span>\n                        <\/div>\n                      <\/a>\n                      <div class=\"list-container-divider d-flex justify-content-lg-start justify-content-md-start justify-content-start\" style=\"display: none;\">\n                        <!---->\n                      <\/div>\n                      <div class=\"list-container-divider d-flex justify-content-lg-start justify-content-md-start justify-content-start last-el-spacer\"><\/div>\n                    <\/li>\n                  <\/ul>\n                <\/div>\n                <div data-colibri-id=\"116-c12\" class=\"h-text h-text-component style-1004 style-local-116-c12 position-relative h-element\">\n                  <!---->\n                  <!---->\n                  <div class=\"\">\n                    <p>Der Mitgliedsantrag in Papierform kann ausgef\u00fcllt in unserer Gesch\u00e4ftsstelle im &#8222;K\u00fcmmerkasten&#8220; hinterlegt oder\n                      <a href=\"https:\/\/lsvd.de\" target=\"_blank\" rel=\"noopener\">der Bundesgesch\u00e4ftsstelle<\/a>&nbsp;postalisch oder per Mail zugeschickt werden.<\/p>\n                  <\/div>\n                <\/div>\n                <div data-colibri-id=\"116-c18\" class=\"h-row-container gutters-row-lg-0 gutters-row-md-0 gutters-row-0 gutters-row-v-lg-0 gutters-row-v-md-0 gutters-row-v-0 style-1870 style-local-116-c18 position-relative\">\n                  <!---->\n                  <div class=\"h-row justify-content-lg-center justify-content-md-center justify-content-center align-items-lg-stretch align-items-md-stretch align-items-stretch gutters-col-lg-0 gutters-col-md-0 gutters-col-0 gutters-col-v-lg-0 gutters-col-v-md-0 gutters-col-v-0\">\n                    <!---->\n                    <div class=\"h-column h-column-container d-flex h-col-lg-auto h-col-md-auto h-col-auto style-1871-outer style-local-116-c19-outer\">\n                      <div data-colibri-id=\"116-c19\" class=\"d-flex h-flex-basis h-column__inner h-px-lg-3 h-px-md-3 h-px-3 v-inner-lg-3 v-inner-md-3 v-inner-3 style-1871 style-local-116-c19 position-relative\">\n                        <!---->\n                        <!---->\n                        <div class=\"w-100 h-y-container h-column__content h-column__v-align flex-basis-100 align-self-lg-start align-self-md-start align-self-start\">\n                          <!---->\n                          <div data-colibri-id=\"116-c20\" class=\"h-icon style-1872 style-local-116-c20 position-relative h-element\">\n                            <!----><span class=\"h-svg-icon h-icon__icon style-1872-icon style-local-116-c20-icon\"><!--Icon by Font Awesome (https:\/\/fontawesome.com)-->\n    <svg version=\"1.1\" xmlns=\"http:\/\/www.w3.org\/2000\/svg\" xmlns:xlink=\"http:\/\/www.w3.org\/1999\/xlink\" id=\"user\" viewbox=\"0 0 1354.8114 1896.0833\">\n      <path d=\"M1280 1399q0 109-62.5 187t-150.5 78H213q-88 0-150.5-78T0 1399q0-85 8.5-160.5t31.5-152 58.5-131 94-89T327 832q131 128 313 128t313-128q76 0 134.5 34.5t94 89 58.5 131 31.5 152 8.5 160.5zm-256-887q0 159-112.5 271.5T640 896 368.5 783.5 256 512t112.5-271.5T640 128t271.5 112.5T1024 512z\"><\/path>\n    <\/svg><\/span><\/div>\n                          <div data-colibri-id=\"116-c21\" class=\"h-text h-text-component style-1873 style-local-116-c21 position-relative h-element\">\n                            <!---->\n                            <!---->\n                            <div class=\"\">\n                              <p>Ansprechpartner:<\/p>\n                            <\/div>\n                          <\/div>\n                          <div data-colibri-id=\"116-c22\" class=\"h-global-transition-all h-heading style-1874 style-local-116-c22 position-relative h-element\">\n                            <!---->\n                            <div class=\"h-heading__outer style-1874 style-local-116-c22\">\n                              <!---->\n                              <!---->\n                              <h4 class=\"\">Der Vorstand<\/h4>\n                            <\/div>\n                          <\/div>\n                          <div data-colibri-id=\"116-c23\" class=\"icon-list d-flex justify-content-lg-start justify-content-md-start justify-content-start style-1875 style-local-116-c23 position-relative h-element\">\n                            <!---->\n                            <ul class=\"ul-list-icon vertical-on-desktop vertical-on-tablet vertical-on-mobile justify-content-lg-start justify-content-md-start justify-content-start\">\n                              <!---->\n                              <li class=\"list-item no-gutters\">\n                                <!---->\n                                <div class=\"list-container-divider d-flex justify-content-lg-start justify-content-md-start justify-content-start first-el-spacer\"><\/div>\n                                <a href=\"tel:+493915432569\" h-use-smooth-scroll=\"true\" class=\"item-link no-gutters\">\n                                  <div class=\"d-flex h-col no-gutters align-items-lg-center align-items-md-center align-items-center list-item-text-wrapper\">\n                                    <div class=\"d-flex\"><span class=\"h-svg-icon style-1875-icon style-local-116-c23-icon\"><!--Icon by Font Awesome (https:\/\/fontawesome.com)-->\n    <svg version=\"1.1\" xmlns=\"http:\/\/www.w3.org\/2000\/svg\" xmlns:xlink=\"http:\/\/www.w3.org\/1999\/xlink\" id=\"phone\" viewbox=\"0 0 1408 1896.0833\">\n      <path d=\"M1408 1240q0 27-10 70.5t-21 68.5q-21 50-122 106-94 51-186 51-27 0-53-3.5t-57.5-12.5-47-14.5T856 1485t-49-18q-98-35-175-83-127-79-264-216T152 904q-48-77-83-175-3-9-18-49t-20.5-55.5-14.5-47T3.5 520 0 467q0-92 51-186 56-101 106-122 25-11 68.5-21t70.5-10q14 0 21 3 18 6 53 76 11 19 30 54t35 63.5 31 53.5q3 4 17.5 25t21.5 35.5 7 28.5q0 20-28.5 50t-62 55-62 53-28.5 46q0 9 5 22.5t8.5 20.5 14 24 11.5 19q76 137 174 235t235 174q2 1 19 11.5t24 14 20.5 8.5 22.5 5q18 0 46-28.5t53-62 55-62 50-28.5q14 0 28.5 7t35.5 21.5 25 17.5q25 15 53.5 31t63.5 35 54 30q70 35 76 53 3 7 3 21z\"><\/path>\n    <\/svg><\/span><\/div> <span class=\"list-text d-block\"><span>+49 (0) 391 543 25 69<\/span><\/span>\n                                  <\/div>\n                                <\/a>\n                                <div class=\"list-container-divider d-flex justify-content-lg-start justify-content-md-start justify-content-start\">\n                                  <!---->\n                                <\/div>\n                              <\/li>\n                              <li class=\"list-item no-gutters\">\n                                <!---->\n                                <!---->\n                                <a href=\"mailto:vorstand@lsvd-lsa.de\" target=\"_blank\" h-use-smooth-scroll=\"true\" class=\"item-link no-gutters\" rel=\"noopener\">\n                                  <div class=\"d-flex h-col no-gutters align-items-lg-center align-items-md-center align-items-center list-item-text-wrapper\">\n                                    <div class=\"d-flex\"><span class=\"h-svg-icon style-1875-icon style-local-116-c23-icon\"><!--Icon by Socicon (http:\/\/www.socicon.com)--><svg version=\"1.1\" xmlns=\"http:\/\/www.w3.org\/2000\/svg\" viewbox=\"0 0 1500 1500\">\n\n<path d=\"M724.5 324c114 1.5 222 49.5 301.5 132v0c-3-34.5 22.5-64.5 58.5-67.5 1.5 0 3 0 3 0h9c37.5 1.5 67.5 31.5 67.5 70.5 0 0 0 0 0 0v598.5c-3 21 10.5 40.5 31.5 45 12 1.5 24-1.5 33-10.5 94.5-99 208.5-508.5-58.5-745.5-214.5-187.5-525-213-765-60-217.5 160.5-297 450-193.5 699 127.5 300 495 388.5 714 300 111-45 162 106.5 46.5 156-174 75-655.5 67.5-882-328.5-151.5-267-142.5-736.5 261-979.5 310.5-186 709.5-135 963 124.5 256.5 271.5 241.5 780-9 978-76.5 58.5-186 45-244.5-33-21-28.5-34.5-61.5-36-96l-1.5-42c-79.5 81-186 126-298.5 126-237-3-426-196.5-426-433.5s189-429 426-433.5c0 0 0 0 0 0zM1009.5 742.5c-1.5-150-123-270-273-268.5-3 0-4.5 0-7.5 0h-6c-171 0-267 136.5-267 291 0 174 115.5 283.5 265.5 283.5 154.5 3 282-118.5 286.5-271.5 1.5 0 1.5-34.5 1.5-34.5z\"><\/path>\n<\/svg>\n<\/span><\/div> <span class=\"list-text d-block\"><span>vorstand@lsvd-lsa.de<\/span><\/span>\n                                  <\/div>\n                                <\/a>\n                                <div class=\"list-container-divider d-flex justify-content-lg-start justify-content-md-start justify-content-start\" style=\"display: none;\">\n                                  <!---->\n                                <\/div>\n                                <div class=\"list-container-divider d-flex justify-content-lg-start justify-content-md-start justify-content-start last-el-spacer\"><\/div>\n                              <\/li>\n                            <\/ul>\n                          <\/div>\n                        <\/div>\n                      <\/div>\n                    <\/div>\n                  <\/div>\n                <\/div>\n              <\/div>\n            <\/div>\n          <\/div>\n        <\/div>\n      <\/div>\n    <\/div>\n  <\/div>\n<\/div>","protected":false},"excerpt":{"rendered":"<p>Ja, ich will Mitglied werden! Ich unterst\u00fctzte Menschenrechte, Vielfalt und Respekt. Ich unterst\u00fctze den LSVD. Der LSVD hat schon viel bewirkt, aber das allein gen\u00fcgt nicht. Der Lesben- und Schwulenverband braucht tatkr\u00e4ftige Unterst\u00fctzung! Noch mehr k\u00f6nnte schon erreicht sein, wenn sich mehr beteiligten. Aus diesem Grund ist eine Mitgliedschaft im LSVD sinnvoll und wichtig. Aktive [&hellip;]<\/p>\n","protected":false},"author":1,"featured_media":0,"parent":115,"menu_order":0,"comment_status":"closed","ping_status":"closed","template":"page-templates\/full-width-page.php","meta":{"pgc_sgb_lightbox_settings":"","footnotes":""},"class_list":["post-116","page","type-page","status-publish","hentry"],"_links":{"self":[{"href":"https:\/\/lsvd-lsa.de\/en\/wp-json\/wp\/v2\/pages\/116","targetHints":{"allow":["GET"]}}],"collection":[{"href":"https:\/\/lsvd-lsa.de\/en\/wp-json\/wp\/v2\/pages"}],"about":[{"href":"https:\/\/lsvd-lsa.de\/en\/wp-json\/wp\/v2\/types\/page"}],"author":[{"embeddable":true,"href":"https:\/\/lsvd-lsa.de\/en\/wp-json\/wp\/v2\/users\/1"}],"replies":[{"embeddable":true,"href":"https:\/\/lsvd-lsa.de\/en\/wp-json\/wp\/v2\/comments?post=116"}],"version-history":[{"count":11,"href":"https:\/\/lsvd-lsa.de\/en\/wp-json\/wp\/v2\/pages\/116\/revisions"}],"predecessor-version":[{"id":2872,"href":"https:\/\/lsvd-lsa.de\/en\/wp-json\/wp\/v2\/pages\/116\/revisions\/2872"}],"up":[{"embeddable":true,"href":"https:\/\/lsvd-lsa.de\/en\/wp-json\/wp\/v2\/pages\/115"}],"wp:attachment":[{"href":"https:\/\/lsvd-lsa.de\/en\/wp-json\/wp\/v2\/media?parent=116"}],"curies":[{"name":"wp","href":"https:\/\/api.w.org\/{rel}","templated":true}]}}