{"id":169,"date":"2024-06-19T21:09:14","date_gmt":"2024-06-19T19:09:14","guid":{"rendered":"https:\/\/lsvd-lsa.de\/?page_id=169"},"modified":"2025-10-20T12:06:08","modified_gmt":"2025-10-20T12:06:08","slug":"impressum","status":"publish","type":"page","link":"https:\/\/lsvd-lsa.de\/en\/impressum\/","title":{"rendered":"Imprint"},"content":{"rendered":"<div data-colibri-id=\"169-c1\" class=\"style-1295 style-local-169-c1 position-relative\">\n  <!---->\n  <div data-colibri-component=\"section\" data-colibri-id=\"169-c2\" id=\"custom\" class=\"h-section h-section-global-spacing d-flex align-items-lg-center align-items-md-center align-items-center style-1296 style-local-169-c2 position-relative\">\n    <!---->\n    <!---->\n    <div class=\"h-section-grid-container h-section-boxed-container\">\n      <!---->\n      <div data-colibri-id=\"169-c3\" class=\"h-row-container gutters-row-lg-2 gutters-row-md-2 gutters-row-0 gutters-row-v-lg-2 gutters-row-v-md-2 gutters-row-v-2 style-1297 style-local-169-c3 position-relative\">\n        <!---->\n        <div class=\"h-row justify-content-lg-center justify-content-md-center justify-content-center align-items-lg-stretch align-items-md-stretch align-items-stretch gutters-col-lg-2 gutters-col-md-2 gutters-col-0 gutters-col-v-lg-2 gutters-col-v-md-2 gutters-col-v-2\">\n          <!---->\n          <div class=\"h-column h-column-container d-flex h-col-lg-auto h-col-md-auto h-col-auto style-1298-outer style-local-169-c4-outer\">\n            <div data-colibri-id=\"169-c4\" class=\"d-flex h-flex-basis h-column__inner h-px-lg-2 h-px-md-2 h-px-2 v-inner-lg-2 v-inner-md-2 v-inner-2 style-1298 style-local-169-c4 position-relative\">\n              <!---->\n              <!---->\n              <div class=\"w-100 h-y-container h-column__content h-column__v-align flex-basis-100 align-self-lg-start align-self-md-start align-self-start\">\n                <!---->\n                <div data-colibri-id=\"169-c5\" class=\"h-text h-text-component style-1300 style-local-169-c5 position-relative h-element\">\n                  <!---->\n                  <!---->\n                  <div class=\"\">\n                    <p>Lesben- und Schwulenverband in Deutschland\n                      <br>Landesverband Sachsen-Anhalt e. V.\n                      <br>Otto-von-Guericke-Stra\u00dfe 41\n                      <br>39104 Magdeburg<\/p>\n                    <p><span style=\"font-weight: 600;\">Contact<\/span><\/p>\n                  <\/div>\n                <\/div>\n                <div data-colibri-id=\"169-c6\" class=\"icon-list d-flex justify-content-lg-start justify-content-md-start justify-content-start style-1302 style-local-169-c6 position-relative h-element\">\n                  <!---->\n                  <ul class=\"ul-list-icon vertical-on-desktop vertical-on-tablet vertical-on-mobile justify-content-lg-start justify-content-md-start justify-content-start\">\n                    <!---->\n                    <li class=\"list-item no-gutters\">\n                      <!---->\n                      <div class=\"list-container-divider d-flex justify-content-lg-start justify-content-md-start justify-content-start first-el-spacer\"><\/div>\n                      <a href=\"tel:+493915432569\" h-use-smooth-scroll=\"true\" class=\"item-link no-gutters\">\n                        <div class=\"d-flex h-col no-gutters align-items-lg-center align-items-md-center align-items-center list-item-text-wrapper\">\n                          <div class=\"d-flex\"><span class=\"h-svg-icon style-1302-icon style-local-169-c6-icon\"><!--Icon by Font Awesome (https:\/\/fontawesome.com)-->\n    <svg version=\"1.1\" xmlns=\"http:\/\/www.w3.org\/2000\/svg\" xmlns:xlink=\"http:\/\/www.w3.org\/1999\/xlink\" id=\"phone\" viewbox=\"0 0 1408 1896.0833\">\n      <path d=\"M1408 1240q0 27-10 70.5t-21 68.5q-21 50-122 106-94 51-186 51-27 0-53-3.5t-57.5-12.5-47-14.5T856 1485t-49-18q-98-35-175-83-127-79-264-216T152 904q-48-77-83-175-3-9-18-49t-20.5-55.5-14.5-47T3.5 520 0 467q0-92 51-186 56-101 106-122 25-11 68.5-21t70.5-10q14 0 21 3 18 6 53 76 11 19 30 54t35 63.5 31 53.5q3 4 17.5 25t21.5 35.5 7 28.5q0 20-28.5 50t-62 55-62 53-28.5 46q0 9 5 22.5t8.5 20.5 14 24 11.5 19q76 137 174 235t235 174q2 1 19 11.5t24 14 20.5 8.5 22.5 5q18 0 46-28.5t53-62 55-62 50-28.5q14 0 28.5 7t35.5 21.5 25 17.5q25 15 53.5 31t63.5 35 54 30q70 35 76 53 3 7 3 21z\"><\/path>\n    <\/svg><\/span><\/div> <span class=\"list-text d-block\"><span>+49 391 5432569<\/span><\/span>\n                        <\/div>\n                      <\/a>\n                      <div class=\"list-container-divider d-flex justify-content-lg-start justify-content-md-start justify-content-start\">\n                        <!---->\n                      <\/div>\n                    <\/li>\n                    <li class=\"list-item no-gutters\">\n                      <!---->\n                      <!---->\n                      <a href=\"mailto:info@lsvd-lsa.de\" target=\"_blank\" h-use-smooth-scroll=\"true\" class=\"item-link no-gutters\">\n                        <div class=\"d-flex h-col no-gutters align-items-lg-center align-items-md-center align-items-center list-item-text-wrapper\">\n                          <div class=\"d-flex\"><span class=\"h-svg-icon style-1302-icon style-local-169-c6-icon\"><!--Icon by Socicon (http:\/\/www.socicon.com)--><svg version=\"1.1\" xmlns=\"http:\/\/www.w3.org\/2000\/svg\" viewbox=\"0 0 1500 1500\">\n\n<path d=\"M724.5 324c114 1.5 222 49.5 301.5 132v0c-3-34.5 22.5-64.5 58.5-67.5 1.5 0 3 0 3 0h9c37.5 1.5 67.5 31.5 67.5 70.5 0 0 0 0 0 0v598.5c-3 21 10.5 40.5 31.5 45 12 1.5 24-1.5 33-10.5 94.5-99 208.5-508.5-58.5-745.5-214.5-187.5-525-213-765-60-217.5 160.5-297 450-193.5 699 127.5 300 495 388.5 714 300 111-45 162 106.5 46.5 156-174 75-655.5 67.5-882-328.5-151.5-267-142.5-736.5 261-979.5 310.5-186 709.5-135 963 124.5 256.5 271.5 241.5 780-9 978-76.5 58.5-186 45-244.5-33-21-28.5-34.5-61.5-36-96l-1.5-42c-79.5 81-186 126-298.5 126-237-3-426-196.5-426-433.5s189-429 426-433.5c0 0 0 0 0 0zM1009.5 742.5c-1.5-150-123-270-273-268.5-3 0-4.5 0-7.5 0h-6c-171 0-267 136.5-267 291 0 174 115.5 283.5 265.5 283.5 154.5 3 282-118.5 286.5-271.5 1.5 0 1.5-34.5 1.5-34.5z\"><\/path>\n<\/svg>\n<\/span><\/div> <span class=\"list-text d-block\"><span>info@lsvd-lsa.de<\/span><\/span>\n                        <\/div>\n                      <\/a>\n                      <div class=\"list-container-divider d-flex justify-content-lg-start justify-content-md-start justify-content-start\">\n                        <!---->\n                      <\/div>\n                    <\/li>\n                    <li class=\"list-item no-gutters\">\n                      <!---->\n                      <!---->\n                      <a href=\"https:\/\/lsvd-lsa.de\/en\/\" h-use-smooth-scroll=\"true\" class=\"item-link no-gutters\">\n                        <div class=\"d-flex h-col no-gutters align-items-lg-center align-items-md-center align-items-center list-item-text-wrapper\">\n                          <div class=\"d-flex\"><span class=\"h-svg-icon style-1302-icon style-local-169-c6-icon\"><!--Icon by Ionicons (https:\/\/ionicons.com)--><svg version=\"1.1\" xmlns=\"http:\/\/www.w3.org\/2000\/svg\" xmlns:xlink=\"http:\/\/www.w3.org\/1999\/xlink\" id=\"android-wifi\" viewbox=\"0 0 416 512\"><path d=\"M208 229c23 0 42 18 42 41s-19 41-42 41-42-18-42-41 19-41 42-41zm125 41c0 45-26 85-63 107l-20-36c25-14 41-40 41-71 0-45-37-82-83-82s-83 37-83 82c0 31 16 57 41 71l-20 36c-37-22-63-62-63-107 0-68 56-124 125-124s125 56 125 124zM208 64c114 0 208 93 208 206 0 76-42 142-104 178l-21-36c50-28 83-81 83-142 0-91-74-165-166-165S42 179 42 270c0 61 33 113 83 142l-21 36C42 412 0 346 0 270 0 157 94 64 208 64z\"><\/path><\/svg><\/span><\/div>\n                          <span class=\"list-text d-block\"><span>www.lsvd-lsa.de<\/span><\/span>\n                        <\/div>\n                      <\/a>\n                      <div class=\"list-container-divider d-flex justify-content-lg-start justify-content-md-start justify-content-start\" style=\"display: none;\">\n                        <!---->\n                      <\/div>\n                      <div class=\"list-container-divider d-flex justify-content-lg-start justify-content-md-start justify-content-start last-el-spacer\"><\/div>\n                    <\/li>\n                  <\/ul>\n                <\/div>\n                <div data-colibri-id=\"169-c7\" class=\"h-text h-text-component style-1300 style-local-169-c7 position-relative h-element\">\n                  <!---->\n                  <!---->\n                  <div class=\"\">\n                    <p><span style=\"font-weight: 600;\">Vorstand: <\/span>Andreas B\u00f6sener, Justin Dziobek, Loreen M\u00fcller, Sophie Wieser<\/p>\n                    <p><span style=\"font-weight: 600;\">Inhaltlich verantwortlich gem\u00e4\u00df \u00a7 18 MStV:<\/span>&nbsp;Der Vorstand<\/p>\n                    <p>Gemeinn\u00fctziger und besonders f\u00f6rderungsw\u00fcrdiger Verein laut Bescheinigung vom Finanzamt Magdeburg vom 11.05.2021, Steuernummer 102\/142\/01483<\/p>\n                    <p><span style=\"font-weight: 600;\">Eintragung im Registergericht:<\/span> Amtsgericht Stendal, VR 11344<\/p>\n                    <p><span style=\"font-weight: 600;\">F\u00f6rderhinweis:&nbsp;<\/span>Der LSVD Sachsen-Anhalt e.V. wird durch das Land Sachsen-Anhalt, hier das Ministerium f\u00fcr Arbeit, Soziales, Gesundheit und Gleichstellung sowie durch die Landeshauptstadt Magdeburg\n                      gef\u00f6rdert. Das Projekt &#8222;Queer Refugee Support&#8220; wird vom Bundesministerium des Innern und f\u00fcr Heimat aufgrund eines Beschlusses des Deutschen Bundestages gef\u00f6rdert.<\/p>\n                  <\/div>\n                <\/div>\n              <\/div>\n            <\/div>\n          <\/div>\n          <div class=\"h-column h-column-container d-flex h-col-lg-auto h-col-md-auto h-col-auto style-1299-outer style-local-169-c8-outer\">\n            <div data-colibri-id=\"169-c8\" class=\"d-flex h-flex-basis h-column__inner h-px-lg-2 h-px-md-2 h-px-2 v-inner-lg-2 v-inner-md-2 v-inner-2 style-1299 style-local-169-c8 position-relative\">\n              <!---->\n              <!---->\n              <div class=\"w-100 h-y-container h-column__content h-column__v-align flex-basis-100 align-self-lg-start align-self-md-start align-self-start\">\n                <!---->\n                <div data-toggle=\"true\" data-is-preview=\"true\" data-colibri-component=\"accordion\" data-colibri-id=\"169-c9\" class=\"h-accordion style-1303 style-local-169-c9 position-relative h-element\">\n                  <!---->\n                  <div data-colibri-id=\"169-c10\" class=\"h-accordion-item h-accordion-item-first-child style-1304 style-local-169-c10 position-relative h-element\">\n                    <!---->\n                    <a data-open-by-default=\"false\" href=\"#169-c10\" class=\"h-accordion-item-title d-flex align-items-center h-global-transition\">\n                      <div class=\"h-accordion-item-title-normal-icon h-accordion-item-title-icon\"><span class=\"h-svg-icon\"><!--Icon by Icons8 Line Awesome (https:\/\/icons8.com\/line-awesome)--><svg version=\"1.1\" xmlns=\"http:\/\/www.w3.org\/2000\/svg\" xmlns:xlink=\"http:\/\/www.w3.org\/1999\/xlink\" id=\"plus\" viewbox=\"0 0 512 545.5\"><path d=\"M240 112h32v160h160v32H272v160h-32V304H80v-32h160V112z\"><\/path><\/svg><\/span><\/div>\n                      <div class=\"h-accordion-item-title-active-icon h-accordion-item-title-icon\"><span class=\"h-svg-icon\"><!--Icon by Icons8 Line Awesome (https:\/\/icons8.com\/line-awesome)--><svg version=\"1.1\" xmlns=\"http:\/\/www.w3.org\/2000\/svg\" xmlns:xlink=\"http:\/\/www.w3.org\/1999\/xlink\" id=\"minus\" viewbox=\"0 0 512 545.5\"><path d=\"M80 272h352v32H80v-32z\"><\/path><\/svg><\/span><\/div>\n                      <span>Haftung f\u00fcr Inhalte<\/span><\/a>\n                    <div id=\"169-c10\" class=\"h-accordion-item-content__container\">\n                      <div class=\"w-100 h-y-container h-accordion-item-content\">\n                        <!---->\n                        <div data-colibri-id=\"169-c11\" class=\"h-text h-text-component style-1305 style-local-169-c11 position-relative h-element\">\n                          <!---->\n                          <!---->\n                          <div class=\"\">\n                            <p>Als Diensteanbieter sind wir gem\u00e4\u00df \u00a7 7 Abs.1 TMG f\u00fcr eigene Inhalte auf diesen Seiten nach den allgemeinen Gesetzen verantwortlich. Nach \u00a7\u00a7 8 bis 10 TMG sind wir als Diensteanbieter jedoch nicht verpflichtet, \u00fcbermittelte oder\n                              gespeicherte fremde Informationen zu \u00fcberwachen oder nach Umst\u00e4nden zu forschen, die auf eine rechtswidrige T\u00e4tigkeit hinweisen.<\/p>\n                            <p>Verpflichtungen zur Entfernung oder Sperrung der Nutzung von Informationen nach den allgemeinen Gesetzen bleiben hiervon unber\u00fchrt. Eine diesbez\u00fcgliche Haftung ist jedoch erst ab dem Zeitpunkt der Kenntnis einer konkreten Rechtsverletzung\n                              m\u00f6glich. Bei Bekanntwerden von entsprechenden Rechtsverletzungen werden wir diese Inhalte umgehend entfernen.<\/p>\n                          <\/div>\n                        <\/div>\n                      <\/div>\n                    <\/div>\n                  <\/div>\n                  <div data-colibri-id=\"169-c12\" class=\"h-accordion-item style-1306 style-local-169-c12 position-relative h-element\">\n                    <!---->\n                    <a data-open-by-default=\"false\" href=\"#169-c12\" class=\"h-accordion-item-title d-flex align-items-center h-global-transition\">\n                      <div class=\"h-accordion-item-title-normal-icon h-accordion-item-title-icon\"><span class=\"h-svg-icon\"><!--Icon by Icons8 Line Awesome (https:\/\/icons8.com\/line-awesome)--><svg version=\"1.1\" xmlns=\"http:\/\/www.w3.org\/2000\/svg\" xmlns:xlink=\"http:\/\/www.w3.org\/1999\/xlink\" id=\"plus\" viewbox=\"0 0 512 545.5\"><path d=\"M240 112h32v160h160v32H272v160h-32V304H80v-32h160V112z\"><\/path><\/svg><\/span><\/div>\n                      <div class=\"h-accordion-item-title-active-icon h-accordion-item-title-icon\"><span class=\"h-svg-icon\"><!--Icon by Icons8 Line Awesome (https:\/\/icons8.com\/line-awesome)--><svg version=\"1.1\" xmlns=\"http:\/\/www.w3.org\/2000\/svg\" xmlns:xlink=\"http:\/\/www.w3.org\/1999\/xlink\" id=\"minus\" viewbox=\"0 0 512 545.5\"><path d=\"M80 272h352v32H80v-32z\"><\/path><\/svg><\/span><\/div>\n                      <span>Haftung f\u00fcr Links<\/span><\/a>\n                    <div id=\"169-c12\" class=\"h-accordion-item-content__container\">\n                      <div class=\"w-100 h-y-container h-accordion-item-content\">\n                        <!---->\n                        <div data-colibri-id=\"169-c13\" class=\"h-text h-text-component style-1307 style-local-169-c13 position-relative h-element\">\n                          <!---->\n                          <!---->\n                          <div class=\"\">\n                            <p>Unser Angebot enth\u00e4lt Links zu externen Webseiten Dritter, auf deren Inhalte wir keinen Einfluss haben. Deshalb k\u00f6nnen wir f\u00fcr diese fremden Inhalte auch keine Gew\u00e4hr \u00fcbernehmen. F\u00fcr die Inhalte der verlinkten Seiten ist stets\n                              der jeweilige Anbieter oder Betreiber der Seiten verantwortlich. Die verlinkten Seiten wurden zum Zeitpunkt der Verlinkung auf m\u00f6gliche Rechtsverst\u00f6\u00dfe \u00fcberpr\u00fcft. Rechtswidrige Inhalte waren zum Zeitpunkt der Verlinkung nicht\n                              erkennbar.<\/p>\n                            <p>Eine permanente inhaltliche Kontrolle der verlinkten Seiten ist jedoch ohne konkrete Anhaltspunkte einer Rechtsverletzung nicht zumutbar. Bei Bekanntwerden von Rechtsverletzungen werden wir derartige Links umgehend entfernen.<\/p>\n                          <\/div>\n                        <\/div>\n                      <\/div>\n                    <\/div>\n                  <\/div>\n                  <div data-colibri-id=\"169-c14\" class=\"h-accordion-item style-1308 style-local-169-c14 position-relative h-element\">\n                    <!---->\n                    <a data-open-by-default=\"false\" href=\"#169-c14\" class=\"h-accordion-item-title d-flex align-items-center h-global-transition\">\n                      <div class=\"h-accordion-item-title-normal-icon h-accordion-item-title-icon\"><span class=\"h-svg-icon\"><!--Icon by Icons8 Line Awesome (https:\/\/icons8.com\/line-awesome)--><svg version=\"1.1\" xmlns=\"http:\/\/www.w3.org\/2000\/svg\" xmlns:xlink=\"http:\/\/www.w3.org\/1999\/xlink\" id=\"plus\" viewbox=\"0 0 512 545.5\"><path d=\"M240 112h32v160h160v32H272v160h-32V304H80v-32h160V112z\"><\/path><\/svg><\/span><\/div>\n                      <div class=\"h-accordion-item-title-active-icon h-accordion-item-title-icon\"><span class=\"h-svg-icon\"><!--Icon by Icons8 Line Awesome (https:\/\/icons8.com\/line-awesome)--><svg version=\"1.1\" xmlns=\"http:\/\/www.w3.org\/2000\/svg\" xmlns:xlink=\"http:\/\/www.w3.org\/1999\/xlink\" id=\"minus\" viewbox=\"0 0 512 545.5\"><path d=\"M80 272h352v32H80v-32z\"><\/path><\/svg><\/span><\/div>\n                      <span>Urheberrecht<\/span><\/a>\n                    <div id=\"169-c14\" class=\"h-accordion-item-content__container\">\n                      <div class=\"w-100 h-y-container h-accordion-item-content\">\n                        <!---->\n                        <div data-colibri-id=\"169-c15\" class=\"h-text h-text-component style-1309 style-local-169-c15 position-relative h-element\">\n                          <!---->\n                          <!---->\n                          <div class=\"\">\n                            <p>Die durch die Seitenbetreiber erstellten Inhalte und Werke auf diesen Seiten unterliegen dem deutschen Urheberrecht. Die Vervielf\u00e4ltigung, Bearbeitung, Verbreitung und jede Art der Verwertung au\u00dferhalb der Grenzen des Urheberrechtes\n                              bed\u00fcrfen der schriftlichen Zustimmung des jeweiligen Autors bzw. Erstellers. Downloads und Kopien dieser Seite sind nur f\u00fcr den privaten, nicht kommerziellen Gebrauch gestattet.<\/p>\n                            <p>Soweit die Inhalte auf dieser Seite nicht vom Betreiber erstellt wurden, werden die Urheberrechte Dritter beachtet. Insbesondere werden Inhalte Dritter als solche gekennzeichnet. Sollten Sie trotzdem auf eine Urheberrechtsverletzung\n                              aufmerksam werden, bitten wir um einen entsprechenden Hinweis. Bei Bekanntwerden von Rechtsverletzungen werden wir derartige Inhalte umgehend entfernen.<\/p>\n                          <\/div>\n                        <\/div>\n                      <\/div>\n                    <\/div>\n                  <\/div>\n                <\/div>\n              <\/div>\n            <\/div>\n          <\/div>\n        <\/div>\n      <\/div>\n    <\/div>\n  <\/div>\n<\/div>","protected":false},"excerpt":{"rendered":"<p>Lesben- und Schwulenverband in Deutschland Landesverband Sachsen-Anhalt e. V. Otto-von-Guericke-Stra\u00dfe 41 39104 Magdeburg Kontakt +49 391 5432569 info@lsvd-lsa.de www.lsvd-lsa.de Vorstand: Andreas B\u00f6sener, Justin Dziobek, Loreen M\u00fcller, Sophie Wieser Inhaltlich verantwortlich gem\u00e4\u00df \u00a7 18 MStV:&nbsp;Der Vorstand Gemeinn\u00fctziger und besonders f\u00f6rderungsw\u00fcrdiger Verein laut Bescheinigung vom Finanzamt Magdeburg vom 11.05.2021, Steuernummer 102\/142\/01483 Eintragung im Registergericht: Amtsgericht Stendal, VR [&hellip;]<\/p>\n","protected":false},"author":1,"featured_media":0,"parent":0,"menu_order":0,"comment_status":"closed","ping_status":"closed","template":"page-templates\/full-width-page.php","meta":{"pgc_sgb_lightbox_settings":"","footnotes":""},"class_list":["post-169","page","type-page","status-publish","hentry"],"_links":{"self":[{"href":"https:\/\/lsvd-lsa.de\/en\/wp-json\/wp\/v2\/pages\/169","targetHints":{"allow":["GET"]}}],"collection":[{"href":"https:\/\/lsvd-lsa.de\/en\/wp-json\/wp\/v2\/pages"}],"about":[{"href":"https:\/\/lsvd-lsa.de\/en\/wp-json\/wp\/v2\/types\/page"}],"author":[{"embeddable":true,"href":"https:\/\/lsvd-lsa.de\/en\/wp-json\/wp\/v2\/users\/1"}],"replies":[{"embeddable":true,"href":"https:\/\/lsvd-lsa.de\/en\/wp-json\/wp\/v2\/comments?post=169"}],"version-history":[{"count":8,"href":"https:\/\/lsvd-lsa.de\/en\/wp-json\/wp\/v2\/pages\/169\/revisions"}],"predecessor-version":[{"id":4467,"href":"https:\/\/lsvd-lsa.de\/en\/wp-json\/wp\/v2\/pages\/169\/revisions\/4467"}],"wp:attachment":[{"href":"https:\/\/lsvd-lsa.de\/en\/wp-json\/wp\/v2\/media?parent=169"}],"curies":[{"name":"wp","href":"https:\/\/api.w.org\/{rel}","templated":true}]}}