{"id":3141,"date":"2024-07-14T18:22:57","date_gmt":"2024-07-14T16:22:57","guid":{"rendered":"https:\/\/lsvd-lsa.de\/?page_id=3141"},"modified":"2025-07-20T14:58:53","modified_gmt":"2025-07-20T14:58:53","slug":"queer-refugee-support","status":"publish","type":"page","link":"https:\/\/lsvd-lsa.de\/en\/angebote\/queer-refugee-support\/","title":{"rendered":"Queer Refugee Support"},"content":{"rendered":"<div data-colibri-id=\"3141-c1\" class=\"style-1936 style-local-3141-c1 position-relative\">\n  <!---->\n  <div data-colibri-component=\"section\" data-colibri-id=\"3141-c2\" id=\"reusable-sections\" class=\"h-section h-section-global-spacing d-flex align-items-lg-center align-items-md-center align-items-center style-1937 style-local-3141-c2 position-relative\">\n    <!---->\n    <!---->\n    <div class=\"h-section-grid-container h-section-boxed-container\">\n      <!---->\n      <div data-colibri-id=\"3141-c3\" class=\"h-row-container gutters-row-lg-2 gutters-row-md-2 gutters-row-0 gutters-row-v-lg-2 gutters-row-v-md-2 gutters-row-v-2 style-1938 style-local-3141-c3 position-relative\">\n        <!---->\n        <div class=\"h-row justify-content-lg-center justify-content-md-center justify-content-center align-items-lg-stretch align-items-md-stretch align-items-stretch gutters-col-lg-2 gutters-col-md-2 gutters-col-0 gutters-col-v-lg-2 gutters-col-v-md-2 gutters-col-v-2\">\n          <!---->\n          <div class=\"h-column h-column-container d-flex h-col-lg-auto h-col-md-auto h-col-auto style-1939-outer style-local-3141-c4-outer\">\n            <div data-colibri-id=\"3141-c4\" class=\"d-flex h-flex-basis h-column__inner h-px-lg-2 h-px-md-2 h-px-2 v-inner-lg-2 v-inner-md-2 v-inner-2 style-1939 style-local-3141-c4 position-relative\">\n              <!---->\n              <!---->\n              <div class=\"w-100 h-y-container h-column__content h-column__v-align flex-basis-100 align-self-lg-start align-self-md-start align-self-start\">\n                <!---->\n                <div data-colibri-id=\"3141-c5\" class=\"d-block style-1940 style-local-3141-c5 position-relative h-element\">\n                  <!---->\n                  <div class=\"h-image__frame-container-outer\">\n                    <div class=\"h-image__frame-container\">\n                      <!---->\n                      <!---->\n                      <img loading=\"lazy\" decoding=\"async\" width=\"1889\" height=\"1417\" src=\"https:\/\/lsvd-lsa.de\/wp-content\/uploads\/2025\/04\/Logos_Queer-Refugee-Support.png\" class=\"wp-image-4152 style-1940-image style-local-3141-c5-image\" alt=\"\" srcset=\"https:\/\/lsvd-lsa.de\/wp-content\/uploads\/2025\/04\/Logos_Queer-Refugee-Support.png 1889w, https:\/\/lsvd-lsa.de\/wp-content\/uploads\/2025\/04\/Logos_Queer-Refugee-Support-300x225.png 300w, https:\/\/lsvd-lsa.de\/wp-content\/uploads\/2025\/04\/Logos_Queer-Refugee-Support-1024x768.png 1024w, https:\/\/lsvd-lsa.de\/wp-content\/uploads\/2025\/04\/Logos_Queer-Refugee-Support-768x576.png 768w, https:\/\/lsvd-lsa.de\/wp-content\/uploads\/2025\/04\/Logos_Queer-Refugee-Support-1536x1152.png 1536w, https:\/\/lsvd-lsa.de\/wp-content\/uploads\/2025\/04\/Logos_Queer-Refugee-Support-16x12.png 16w\" sizes=\"auto, (max-width: 1889px) 100vw, 1889px\" \/>\n                      <div class=\"h-image__frame h-hide-lg h-hide-md h-hide-sm style-1940-frameImage style-local-3141-c5-frameImage\"><\/div>\n                    <\/div>\n                  <\/div>\n                <\/div>\n              <\/div>\n            <\/div>\n          <\/div>\n          <div class=\"h-column h-column-container d-flex h-col-lg-auto h-col-md-auto h-col-auto style-1945-outer style-local-3141-c6-outer\">\n            <div data-colibri-id=\"3141-c6\" class=\"d-flex h-flex-basis h-column__inner h-px-lg-2 h-px-md-2 h-px-2 v-inner-lg-2 v-inner-md-2 v-inner-2 style-1945 style-local-3141-c6 position-relative\">\n              <!---->\n              <!---->\n              <div class=\"w-100 h-y-container h-column__content h-column__v-align flex-basis-100 align-self-lg-start align-self-md-start align-self-start\">\n                <!---->\n                <div data-colibri-id=\"3141-c7\" class=\"style-1948 style-local-3141-c7 position-relative h-element\">\n                  <!---->\n                  <div class=\"h-global-transition-all\"><div id='colibri-3141-c7' class='breadcrumb-wrapper'>    <style type=\"text\/css\">\n        \/* breadcrumb separator symbol *\/\n\n        #colibri-3141-c7        .colibri-breadcrumb > li + li:before {\n            content: \"\/\";\n            white-space: pre;\n        }\n    <\/style>\n\n    \n    <div class=\"colibri-3141-c7-dls-wrapper breadcrumb-items__wrapper\">\n                <ol class=\"breadcrumb colibri-breadcrumb\"><li class=\"breadcrumb-item\"><a href=\"https:\/\/lsvd-lsa.de\/en\/\">\n    <svg version=\"1.1\" xmlns=\"http:\/\/www.w3.org\/2000\/svg\" xmlns:xlink=\"http:\/\/www.w3.org\/1999\/xlink\" id=\"home\" viewbox=\"0 0 1664 1896.0833\">\n      <path d=\"M1408 992v480q0 26-19 45t-45 19H960v-384H704v384H320q-26 0-45-19t-19-45V992q0-1 .5-3t.5-3l575-474 575 474q1 2 1 6zm223-69l-62 74q-8 9-21 11h-3q-13 0-21-7L832 424l-692 577q-12 8-24 7-13-2-21-11l-62-74q-8-10-7-23.5T37 878l719-599q32-26 76-26t76 26l244 204V288q0-14 9-23t23-9h192q14 0 23 9t9 23v408l219 182q10 8 11 21.5t-7 23.5z\" \/>\n    <\/svg><\/a><\/li><li class=\"breadcrumb-item\"><a href=\"https:\/\/lsvd-lsa.de\/en\/angebote\/\">Offer<\/a><\/li><\/ol>    <\/div>\n    <\/div><\/div>\n                <\/div>\n                <div data-colibri-id=\"3141-c8\" class=\"h-global-transition-all h-heading style-1946 style-local-3141-c8 position-relative h-element\">\n                  <!---->\n                  <div class=\"h-heading__outer style-1946 style-local-3141-c8\">\n                    <!---->\n                    <!---->\n                    <h4 class=\"\">Queer Refugee Support<\/h4>\n                  <\/div>\n                <\/div>\n                <div data-colibri-component=\"tabs\" data-colibri-id=\"3141-c9\" class=\"h-tabs h-tabs-horizontal h-tabs--horizontal--auto-lg h-tabs--horizontal--auto-md h-tabs--horizontal--full h-tabs h-tabs-horizontal h-tabs--horizontal--auto-lg h-tabs--horizontal--auto-md h-tabs--horizontal--full style-2096 style-local-3141-c9 position-relative h-element\">\n                  <!---->\n                  <div class=\"h-tabs-navigation d-flex h-tabs-navigation-horizontal\">\n                    <a href=\"#deutsch\" class=\"h-tabs-navigation-item d-flex align-items-center h-global-transition h-tabs-navigation-active-item h-custom-active-state\" rel=\"#deutsch\">\n                      <!----><span class=\"h-tabs-navigation-item__text\">Deutsch<\/span><\/a>\n                    <a href=\"#english\" class=\"h-tabs-navigation-item d-flex align-items-center h-global-transition\" rel=\"#english\">\n                      <!----><span class=\"h-tabs-navigation-item__text\">English<\/span><\/a>\n                    <a href=\"#francais\" class=\"h-tabs-navigation-item d-flex align-items-center h-global-transition\" rel=\"#francais\">\n                      <!----><span class=\"h-tabs-navigation-item__text\">Fran\u00e7ais<\/span><\/a>\n                  <\/div>\n                  <div id=\"deutsch\" skip-smooth-scroll=\"true\" skip-scroll-spy=\"true\" data-colibri-id=\"3141-c10\" class=\"h-tabs-item-content h-tabs-item h-tabs-content-horizontal h-tabs-content-3141-c10 style-2097 style-local-3141-c10 position-relative h-element h-tabs-content-active\">\n                    <!---->\n                    <div class=\"w-100 h-y-container\">\n                      <!---->\n                      <div data-colibri-id=\"3141-c11\" class=\"h-text h-text-component style-2098 style-local-3141-c11 position-relative h-element\">\n                        <!---->\n                        <!---->\n                        <div class=\"\">\n                          <p><span style=\"font-weight: 600;\">Info: Das Beratungsangebot ist derzeit nicht verf\u00fcgbar. Bitte wende dich an allgemeine Asylverfahrensberatungsstellen,&nbsp;<\/span>\n                            <a href=\"https:\/\/integrationsportal.sachsen-anhalt.de\/beratung-netzwerke\/beratungsstellen\/asylverfahrensberatung-in-sachsen-anhalt\"\n                              target=\"_blank\" style=\"font-weight: 600; font-family: &quot;Open Sans&quot;; font-size: 18px; color: rgb(0, 102, 204);\" class=\"customize-unpreviewable\" draggable=\"false\">die hier zu finden sind.<\/a>\n                          <\/p>\n                          <p>Gern k\u00f6nnen Informationen heruntergeladen werden, die der Vorbereitung auf die Anh\u00f6rung im BAMF (Bundesamt f\u00fcr Migration und Flucht) dienen. Die Checkliste enth\u00e4lt wichtige Informationen f\u00fcr die Anh\u00f6rung. Die Frageb\u00f6gen enthalten\n                            Fragen, die speziell an queere Gefl\u00fcchtete oft bei Anh\u00f6rungen im BAMF gestellt werden. Ihr solltet euch gut auf die Anh\u00f6rung vorbereiten.<\/p>\n                        <\/div>\n                      <\/div>\n                      <div data-colibri-id=\"3141-c12\" class=\"h-x-container style-2245 style-local-3141-c12 position-relative h-element\">\n                        <!---->\n                        <div class=\"h-x-container-inner style-dynamic-3141-c12-group style-2245-spacing style-local-3141-c12-spacing\"><span class=\"h-button__outer style-2246-outer style-local-3141-c13-outer d-inline-flex h-element\"><a h-use-smooth-scroll=\"true\" href=\"https:\/\/integrationsportal.sachsen-anhalt.de\/beratung-netzwerke\/beratungsstellen\/asylverfahrensberatung-in-sachsen-anhalt\" target=\"_blank\"  data-colibri-id=\"3141-c13\" class=\"d-flex w-100 align-items-center h-button justify-content-lg-center justify-content-md-center justify-content-center style-2246 style-local-3141-c13 position-relative\"><!----><!----> <span>Allgemeine Asylverfahrensberatungsstellen<\/span><\/a>\n                          <\/span><span class=\"h-button__outer style-2246-outer style-local-3141-c14-outer d-inline-flex h-element\"><a h-use-smooth-scroll=\"true\" href=\"https:\/\/lsvd-lsa.de\/wp-content\/uploads\/2025\/07\/2025-06-30_LSVD_BAMF-Anhoerung-Checkliste.pdf\" target=\"_blank\"  data-colibri-id=\"3141-c14\" class=\"d-flex w-100 align-items-center h-button justify-content-lg-center justify-content-md-center justify-content-center style-2246 style-local-3141-c14 position-relative\"><!----><!----> <span>Informationen zum Download<\/span><\/a>\n                          <\/span>\n                        <\/div>\n                      <\/div>\n                      <div data-colibri-id=\"3141-c15\" class=\"h-divider style-2248 style-local-3141-c15 position-relative h-element\">\n                        <!----><span class=\"h-divider__line style-2248-line style-local-3141-c15-line style-2248-line style-local-3141-c15-line\"><\/span><\/div>\n                      <div data-colibri-id=\"3141-c16\" class=\"h-text h-text-component style-2098 style-local-3141-c16 position-relative h-element\">\n                        <!---->\n                        <!---->\n                        <div class=\"\">\n                          <p>Du bist <span style=\"font-weight: 600;\">queer und befindest dich im Laufenden Asylverfahren?<\/span> Beim LSVD Sachsen-Anhalt gibt es ein Beratungsangebot &#8211; <span style=\"font-weight: 600;\">die Asylverfahrensberatung speziell f\u00fcr queere Gefl\u00fcchtete.&nbsp;<\/span><\/p>\n                          <p>Als queere Person hast du auf deiner Flucht bestimmt viel erlebt und bist aufgeregt, weil w\u00e4hrend des Asylverfahrens viel auf dich zukommt. <span style=\"font-weight: 600;\">Das Asylrecht ist sehr komplex und manchmal schwierig zu verstehen.<\/span>                            Ein Termin bei der Asylverfahrensberatung kann dir helfen, deine Fragen zu kl\u00e4ren, wie zum Beispiel:<\/p>\n                          <ul>\n                            <li><span style=\"font-weight: 600;\">Wie l\u00e4uft ein Asylverfahren ab?<\/span><\/li>\n                            <li><span style=\"font-weight: 600;\">Welche Rechte und Pflichten habe ich w\u00e4hrend des Asylverfahrens?<\/span><\/li>\n                            <li><span style=\"font-weight: 600;\">Wie bereite ich mich auf einen Anh\u00f6rungstermin im BAMF (Bundesamt f\u00fcr Migration und Flucht) vor?<\/span><\/li>\n                            <li><span style=\"font-weight: 600;\">Was muss ich als queere Person beachten?<\/span><\/li>\n                            <li><span style=\"font-weight: 600;\">Welchen besonderen Schutz kann ich erhalten?<\/span><\/li>\n                          <\/ul>\n                          <p>Komm auch gern in den&nbsp;\n                            <a href=\"https:\/\/lsvd-lsa.de\/en\/angebote\/gruppen\/\" style=\"font-family: &quot;Open Sans&quot;; font-weight: 400; font-size: 18px; color: rgb(0, 102, 204);\">Treff \u201eRainbow Connection\u201c<\/a>&nbsp;nach Magdeburg. Hier kannst du <span style=\"font-weight: 600;\">andere queere Migrant*innen treffen<\/span> und dich in entspannter und gesch\u00fctzter Atmosph\u00e4re mit ihnen unterhalten.<\/p>\n                        <\/div>\n                      <\/div>\n                    <\/div>\n                  <\/div>\n                  <div id=\"english\" skip-smooth-scroll=\"true\" skip-scroll-spy=\"true\" data-colibri-id=\"3141-c17\" class=\"h-tabs-item-content h-tabs-item h-tabs-content-horizontal h-tabs-content-3141-c17 style-2099 style-local-3141-c17 position-relative h-element hide\">\n                    <!---->\n                    <div class=\"w-100 h-y-container\">\n                      <!---->\n                      <div data-colibri-id=\"3141-c18\" class=\"h-text h-text-component style-2249 style-local-3141-c18 position-relative h-element\">\n                        <!---->\n                        <!---->\n                        <div class=\"\">\n                          <p><strong style=\"font-weight: 600;\">Info:<\/strong><span style=\"font-weight: 600;\"> The counseling service is currently unavailable. Please contact general asylum procedure counseling centers, <\/span>\n                            <a href=\"https:\/\/integrationsportal.sachsen-anhalt.de\/beratung-netzwerke\/beratungsstellen\/asylverfahrensberatung-in-sachsen-anhalt\"\n                              target=\"_blank\" style=\"font-weight: 600;\" class=\"customize-unpreviewable\" draggable=\"false\">which you can find here.<\/a>\n                          <\/p>\n                          <p>You are welcome to download information to help prepare for your interview at the BAMF (Federal Office for Migration and Refugees). The checklist includes important information for the hearing. The questionnaires contain questions\n                            that are often asked specifically to queer refugees during BAMF interviews.<\/p>\n                          <p>It is important that you prepare well for your hearing.<\/p>\n                        <\/div>\n                      <\/div>\n                      <div data-colibri-id=\"3141-c19\" class=\"h-x-container style-2250 style-local-3141-c19 position-relative h-element\">\n                        <!---->\n                        <div class=\"h-x-container-inner style-dynamic-3141-c19-group style-2250-spacing style-local-3141-c19-spacing\"><span class=\"h-button__outer style-2246-outer style-local-3141-c20-outer d-inline-flex h-element\"><a h-use-smooth-scroll=\"true\" href=\"https:\/\/integrationsportal.sachsen-anhalt.de\/beratung-netzwerke\/beratungsstellen\/asylverfahrensberatung-in-sachsen-anhalt\"  data-colibri-id=\"3141-c20\" class=\"d-flex w-100 align-items-center h-button justify-content-lg-center justify-content-md-center justify-content-center style-2246 style-local-3141-c20 position-relative\"><!----><!----> <span>General asylum procedure counseling centers<\/span><\/a>\n                          <\/span><span class=\"h-button__outer style-2246-outer style-local-3141-c21-outer d-inline-flex h-element\"><a h-use-smooth-scroll=\"true\" href=\"https:\/\/lsvd-lsa.de\/wp-content\/uploads\/2025\/07\/2025-06-30_LSVD_BAMF-Anhoerung-Checkliste.pdf\" target=\"_blank\"  data-colibri-id=\"3141-c21\" class=\"d-flex w-100 align-items-center h-button justify-content-lg-center justify-content-md-center justify-content-center style-2246 style-local-3141-c21 position-relative\"><!----><!----> <span>Downloadable information<\/span><\/a>\n                          <\/span>\n                        <\/div>\n                      <\/div>\n                      <div data-colibri-id=\"3141-c22\" class=\"h-divider style-2253 style-local-3141-c22 position-relative h-element\">\n                        <!----><span class=\"h-divider__line style-2253-line style-local-3141-c22-line style-2253-line style-local-3141-c22-line\"><\/span><\/div>\n                      <div data-colibri-id=\"3141-c23\" class=\"h-text h-text-component style-2100 style-local-3141-c23 position-relative h-element\">\n                        <!---->\n                        <!---->\n                        <div class=\"\">\n                          <p>Are you <span style=\"font-weight: 600;\">queer and currently in the asylum process?<\/span> The LSVD Saxony-Anhalt has a counseling service &#8211; asylum procedure counseling especially for queer refugees.<\/p>\n                          <p>As a queer person, you have probably experienced a lot during your flight and are upset because you have a lot to face during the asylum procedure. <span style=\"font-weight: 600;\">Asylum law is very complex and sometimes difficult to understand.<\/span>                            An appointment with an asylum procedure counselor can help you clarify your questions, such as<\/p>\n                          <ul>\n                            <li><span style=\"font-weight: 600;\">How does an asylum procedure work?<\/span><\/li>\n                            <li><span style=\"font-weight: 600;\">What rights and obligations do I have during the asylum procedure?<\/span><\/li>\n                            <li><span style=\"font-weight: 600;\">How do I prepare for a hearing at the BAMF (Federal Office for Migration and Refugees)?<\/span><\/li>\n                            <li><span style=\"font-weight: 600;\">What do I have to consider as a queer person?<\/span><\/li>\n                            <li><span style=\"font-weight: 600;\">What special protection can I receive?<\/span><\/li>\n                          <\/ul>\n                          <p>You are also welcome to come to the\n                            <a href=\"https:\/\/lsvd-lsa.de\/en\/angebote\/gruppen\/\">\u201cRainbow Connection\u201d<\/a> meeting place in Magdeburg. Here you can meet other queer migrants and talk to them in a relaxed and protected atmosphere.<\/p>\n                        <\/div>\n                      <\/div>\n                    <\/div>\n                  <\/div>\n                  <div id=\"francais\" skip-smooth-scroll=\"true\" skip-scroll-spy=\"true\" data-colibri-id=\"3141-c24\" class=\"h-tabs-item-content h-tabs-item h-tabs-content-horizontal h-tabs-content-3141-c24 style-2101 style-local-3141-c24 position-relative h-element hide\">\n                    <!---->\n                    <div class=\"w-100 h-y-container\">\n                      <!---->\n                      <div data-colibri-id=\"3141-c25\" class=\"h-text h-text-component style-2102 style-local-3141-c25 position-relative h-element\">\n                        <!---->\n                        <!---->\n                        <div class=\"\">\n                          <p><strong>Info :<\/strong> Le service de conseil n\u2019est actuellement pas disponible. Veuillez contacter les centres de conseil g\u00e9n\u00e9raux pour les proc\u00e9dures d\u2019asile,\n                            <a href=\"https:\/\/integrationsportal.sachsen-anhalt.de\/beratung-netzwerke\/beratungsstellen\/asylverfahrensberatung-in-sachsen-anhalt\"\n                              target=\"_blank\" class=\"customize-unpreviewable\">que vous pouvez trouver ici.<\/a>\n                          <\/p>\n                          <p>Vous pouvez t\u00e9l\u00e9charger des informations pour vous aider \u00e0 pr\u00e9parer votre entretien aupr\u00e8s du BAMF (Office f\u00e9d\u00e9ral pour les migrations et les r\u00e9fugi\u00e9s). La liste de contr\u00f4le contient des informations importantes pour l\u2019audition.\n                            Les questionnaires comprennent des questions fr\u00e9quemment pos\u00e9es aux r\u00e9fugi\u00e9\u00b7e\u00b7s queer lors des entretiens au BAMF.<\/p>\n                          <p>Il est important de bien vous pr\u00e9parer \u00e0 votre audition.<\/p>\n                        <\/div>\n                      <\/div>\n                      <div data-colibri-id=\"3141-c26\" class=\"h-x-container style-2254 style-local-3141-c26 position-relative h-element\">\n                        <!---->\n                        <div class=\"h-x-container-inner style-dynamic-3141-c26-group style-2254-spacing style-local-3141-c26-spacing\"><span class=\"h-button__outer style-2246-outer style-local-3141-c27-outer d-inline-flex h-element\"><a h-use-smooth-scroll=\"true\" href=\"https:\/\/integrationsportal.sachsen-anhalt.de\/beratung-netzwerke\/beratungsstellen\/asylverfahrensberatung-in-sachsen-anhalt\" target=\"_blank\"  data-colibri-id=\"3141-c27\" class=\"d-flex w-100 align-items-center h-button justify-content-lg-center justify-content-md-center justify-content-center style-2246 style-local-3141-c27 position-relative\"><!----><!----> <span>Centres de conseil pour l\u2019asile<\/span><\/a>\n                          <\/span><span class=\"h-button__outer style-2246-outer style-local-3141-c28-outer d-inline-flex h-element\"><a h-use-smooth-scroll=\"true\" href=\"https:\/\/lsvd-lsa.de\/wp-content\/uploads\/2025\/07\/2025-06-30_LSVD_BAMF-Anhoerung-Checkliste.pdf\" target=\"_blank\"  data-colibri-id=\"3141-c28\" class=\"d-flex w-100 align-items-center h-button justify-content-lg-center justify-content-md-center justify-content-center style-2246 style-local-3141-c28 position-relative\"><!----><!----> <span>Documents \u00e0 t\u00e9l\u00e9charger<\/span><\/a>\n                          <\/span>\n                        <\/div>\n                      <\/div>\n                      <div data-colibri-id=\"3141-c29\" class=\"h-divider style-2257 style-local-3141-c29 position-relative h-element\">\n                        <!----><span class=\"h-divider__line style-2257-line style-local-3141-c29-line style-2257-line style-local-3141-c29-line\"><\/span><\/div>\n                      <div data-colibri-id=\"3141-c30\" class=\"h-text h-text-component style-2102 style-local-3141-c30 position-relative h-element\">\n                        <!---->\n                        <!---->\n                        <div class=\"\">\n                          <p><span style=\"font-weight: 600;\">Vous \u00eates homosexuel et vous \u00eates en cours de proc\u00e9dure d&#8217;asile ?<\/span> Le LSVD de Saxe-Anhalt dispose d&#8217;un service de conseil &#8211; conseil en mati\u00e8re de proc\u00e9dure d&#8217;asile &#8211; sp\u00e9cialement destin\u00e9\n                            aux r\u00e9fugi\u00e9s homosexuels.<\/p>\n                          <p>En tant que personne homosexuelle, vous avez probablement v\u00e9cu beaucoup de choses pendant votre fuite et vous \u00eates boulevers\u00e9 parce que vous devez faire face \u00e0 beaucoup de choses pendant la proc\u00e9dure d&#8217;asile. Le droit d&#8217;asile\n                            est tr\u00e8s complexe et parfois difficile \u00e0 comprendre. Un rendez-vous avec un conseiller en proc\u00e9dure d&#8217;asile peut vous aider \u00e0 clarifier vos questions, telles que<\/p>\n                          <ul>\n                            <li><span style=\"font-weight: 600;\">Comment se d\u00e9roule une proc\u00e9dure d&#8217;asile?<\/span><\/li>\n                            <li><span style=\"font-weight: 600;\">Quels sont mes droits et obligations au cours de la proc\u00e9dure d&#8217;asile?<\/span><\/li>\n                            <li><span style=\"font-weight: 600;\">Comment puis-je me pr\u00e9parer \u00e0 une audition devant l&#8217;Office f\u00e9d\u00e9ral des migrations et des r\u00e9fugi\u00e9s (BAMF)?<\/span><\/li>\n                            <li><span style=\"font-weight: 600;\">Que dois-je prendre en compte en tant que personne homosexuelle?<\/span><\/li>\n                            <li><span style=\"font-weight: 600;\">Quelle protection sp\u00e9ciale puis-je recevoir?<\/span><\/li>\n                          <\/ul>\n                          <p>Vous pouvez \u00e9galement vous rendre au lieu de rencontre\n                            <a href=\"https:\/\/lsvd-lsa.de\/en\/angebote\/gruppen\/\">\u00abRainbow Connection\u00bb<\/a> \u00e0 Magdebourg. Vous pourrez y rencontrer d&#8217;autres migrants homosexuels et discuter avec eux dans une atmosph\u00e8re d\u00e9tendue et prot\u00e9g\u00e9e.<\/p>\n                        <\/div>\n                      <\/div>\n                    <\/div>\n                  <\/div>\n                <\/div>\n              <\/div>\n            <\/div>\n          <\/div>\n        <\/div>\n      <\/div>\n    <\/div>\n  <\/div>\n<\/div>","protected":false},"excerpt":{"rendered":"<p>Queer Refugee Support Deutsch English Fran\u00e7ais Info: Das Beratungsangebot ist derzeit nicht verf\u00fcgbar. Bitte wende dich an allgemeine Asylverfahrensberatungsstellen,&nbsp; die hier zu finden sind. Gern k\u00f6nnen Informationen heruntergeladen werden, die der Vorbereitung auf die Anh\u00f6rung im BAMF (Bundesamt f\u00fcr Migration und Flucht) dienen. Die Checkliste enth\u00e4lt wichtige Informationen f\u00fcr die Anh\u00f6rung. Die Frageb\u00f6gen enthalten Fragen, [&hellip;]<\/p>\n","protected":false},"author":1,"featured_media":0,"parent":108,"menu_order":0,"comment_status":"closed","ping_status":"closed","template":"page-templates\/full-width-page.php","meta":{"pgc_sgb_lightbox_settings":"","footnotes":""},"class_list":["post-3141","page","type-page","status-publish","hentry"],"_links":{"self":[{"href":"https:\/\/lsvd-lsa.de\/en\/wp-json\/wp\/v2\/pages\/3141","targetHints":{"allow":["GET"]}}],"collection":[{"href":"https:\/\/lsvd-lsa.de\/en\/wp-json\/wp\/v2\/pages"}],"about":[{"href":"https:\/\/lsvd-lsa.de\/en\/wp-json\/wp\/v2\/types\/page"}],"author":[{"embeddable":true,"href":"https:\/\/lsvd-lsa.de\/en\/wp-json\/wp\/v2\/users\/1"}],"replies":[{"embeddable":true,"href":"https:\/\/lsvd-lsa.de\/en\/wp-json\/wp\/v2\/comments?post=3141"}],"version-history":[{"count":20,"href":"https:\/\/lsvd-lsa.de\/en\/wp-json\/wp\/v2\/pages\/3141\/revisions"}],"predecessor-version":[{"id":4327,"href":"https:\/\/lsvd-lsa.de\/en\/wp-json\/wp\/v2\/pages\/3141\/revisions\/4327"}],"up":[{"embeddable":true,"href":"https:\/\/lsvd-lsa.de\/en\/wp-json\/wp\/v2\/pages\/108"}],"wp:attachment":[{"href":"https:\/\/lsvd-lsa.de\/en\/wp-json\/wp\/v2\/media?parent=3141"}],"curies":[{"name":"wp","href":"https:\/\/api.w.org\/{rel}","templated":true}]}}