{"id":998,"date":"2024-06-27T08:32:21","date_gmt":"2024-06-27T06:32:21","guid":{"rendered":"https:\/\/lsvd-lsa.de\/?page_id=998"},"modified":"2024-06-28T22:51:34","modified_gmt":"2024-06-28T20:51:34","slug":"newsletter","status":"publish","type":"page","link":"https:\/\/lsvd-lsa.de\/en\/newsletter\/","title":{"rendered":"Newsletter"},"content":{"rendered":"<div data-colibri-id=\"998-c1\" class=\"style-1276 style-local-998-c1 position-relative\">\n  <!---->\n  <div data-colibri-component=\"section\" data-colibri-id=\"998-c2\" id=\"reusable-sections\" class=\"h-section h-section-global-spacing d-flex align-items-lg-center align-items-md-center align-items-center style-1282 style-local-998-c2 position-relative\">\n    <!---->\n    <!---->\n    <div class=\"h-section-grid-container h-section-boxed-container\">\n      <!---->\n      <div data-colibri-id=\"998-c3\" class=\"h-row-container gutters-row-lg-2 gutters-row-md-2 gutters-row-0 gutters-row-v-lg-2 gutters-row-v-md-2 gutters-row-v-2 style-1283 style-local-998-c3 position-relative\">\n        <!---->\n        <div class=\"h-row justify-content-lg-center justify-content-md-center justify-content-center align-items-lg-stretch align-items-md-stretch align-items-stretch gutters-col-lg-2 gutters-col-md-2 gutters-col-0 gutters-col-v-lg-2 gutters-col-v-md-2 gutters-col-v-2\">\n          <!---->\n          <div class=\"h-column h-column-container d-flex h-col-lg-auto h-col-md-auto h-col-auto style-1284-outer style-local-998-c4-outer\">\n            <div data-colibri-id=\"998-c4\" class=\"d-flex h-flex-basis h-column__inner h-px-lg-2 h-px-md-2 h-px-2 v-inner-lg-2 v-inner-md-2 v-inner-2 style-1284 style-local-998-c4 position-relative\">\n              <!---->\n              <!---->\n              <div class=\"w-100 h-y-container h-column__content h-column__v-align flex-basis-100 align-self-lg-start align-self-md-start align-self-start\">\n                <!---->\n                <div data-colibri-id=\"998-c5\" class=\"d-block style-1285 style-local-998-c5 position-relative h-element\">\n                  <!---->\n                  <div class=\"h-image__frame-container-outer\">\n                    <div class=\"h-image__frame-container\">\n                      <!---->\n                      <!---->\n                      <img loading=\"lazy\" decoding=\"async\" width=\"2560\" height=\"1707\" src=\"https:\/\/lsvd-lsa.de\/wp-content\/uploads\/2024\/06\/vecteezy_newsletter-in-foam-rubber-letters_11019683-scaled.jpg\" class=\"wp-image-1134 style-1285-image style-local-998-c5-image\" alt=\"\" srcset=\"https:\/\/lsvd-lsa.de\/wp-content\/uploads\/2024\/06\/vecteezy_newsletter-in-foam-rubber-letters_11019683-scaled.jpg 2560w, https:\/\/lsvd-lsa.de\/wp-content\/uploads\/2024\/06\/vecteezy_newsletter-in-foam-rubber-letters_11019683-300x200.jpg 300w, https:\/\/lsvd-lsa.de\/wp-content\/uploads\/2024\/06\/vecteezy_newsletter-in-foam-rubber-letters_11019683-1024x683.jpg 1024w, https:\/\/lsvd-lsa.de\/wp-content\/uploads\/2024\/06\/vecteezy_newsletter-in-foam-rubber-letters_11019683-768x512.jpg 768w, https:\/\/lsvd-lsa.de\/wp-content\/uploads\/2024\/06\/vecteezy_newsletter-in-foam-rubber-letters_11019683-1536x1024.jpg 1536w, https:\/\/lsvd-lsa.de\/wp-content\/uploads\/2024\/06\/vecteezy_newsletter-in-foam-rubber-letters_11019683-2048x1365.jpg 2048w\" sizes=\"auto, (max-width: 2560px) 100vw, 2560px\" \/>\n                      <div class=\"h-image__frame h-hide-lg h-hide-md h-hide-sm style-1285-frameImage style-local-998-c5-frameImage\"><\/div>\n                    <\/div>\n                  <\/div>\n                <\/div>\n              <\/div>\n            <\/div>\n          <\/div>\n          <div class=\"h-column h-column-container d-flex h-col-lg-auto h-col-md-auto h-col-auto style-1290-outer style-local-998-c6-outer\">\n            <div data-colibri-id=\"998-c6\" class=\"d-flex h-flex-basis h-column__inner h-px-lg-2 h-px-md-2 h-px-2 v-inner-lg-2 v-inner-md-2 v-inner-2 style-1290 style-local-998-c6 position-relative\">\n              <!---->\n              <!---->\n              <div class=\"w-100 h-y-container h-column__content h-column__v-align flex-basis-100 align-self-lg-start align-self-md-start align-self-start\">\n                <!---->\n                <div data-colibri-id=\"998-c7\" class=\"h-global-transition-all h-heading style-1291 style-local-998-c7 position-relative h-element\">\n                  <!---->\n                  <div class=\"h-heading__outer style-1291 style-local-998-c7\">\n                    <!---->\n                    <!---->\n                    <h4 class=\"\">Newsletter<\/h4>\n                  <\/div>\n                <\/div>\n                <div data-colibri-id=\"998-c8\" class=\"h-text h-text-component style-1292 style-local-998-c8 position-relative h-element\">\n                  <!---->\n                  <!---->\n                  <div class=\"\">\n                    <p>Bleibe immer auf dem Laufenden \u00fcber queere Themen, den LSVD Sachsen-Anhalt und spannende Termine! Mit unserem Newsletter erh\u00e4ltst du regelm\u00e4\u00dfig:<\/p>\n                    <ul>\n                      <li>News und Artikel zu queeren Themen und aktuellen Entwicklungen<\/li>\n                      <li>Infos zu Veranstaltungen und Treffen in der Vereinswelt<\/li>\n                      <li>Einblicke in unsere Projekte<\/li>\n                      <li>Ank\u00fcndigungen von wichtigen Terminen und Events<\/li>\n                    <\/ul>\n                    <p>Verpasse keine Neuigkeiten mehr und sei Teil unserer wachsenden Community! Melde dich jetzt an und bleibe informiert.<\/p>\n                  <\/div>\n                <\/div>\n                <div data-colibri-id=\"998-c10\" class=\"h-divider style-1294 style-local-998-c10 position-relative h-element\">\n                  <!----><span class=\"h-divider__line style-1294-line style-local-998-c10-line style-1294-line style-local-998-c10-line\"><\/span><\/div>\n                <div data-colibri-id=\"998-c9\" class=\"style-1280 style-local-998-c9 position-relative h-element\">\n                  <!---->\n                  <div class=\"\">\n                    <iframe loading=\"lazy\" src=\"https:\/\/t426345df.emailsys1a.net\/263\/9\/25231ca6c1\/subscribe\/form.html?_g=1719607075\" frameborder=\"0\" width=\"100%\" height=\"550\"><\/iframe>\n                  <\/div>\n                <\/div>\n              <\/div>\n            <\/div>\n          <\/div>\n        <\/div>\n      <\/div>\n    <\/div>\n  <\/div>\n<\/div>","protected":false},"excerpt":{"rendered":"<p>Newsletter Bleibe immer auf dem Laufenden \u00fcber queere Themen, den LSVD Sachsen-Anhalt und spannende Termine! Mit unserem Newsletter erh\u00e4ltst du regelm\u00e4\u00dfig: News und Artikel zu queeren Themen und aktuellen Entwicklungen Infos zu Veranstaltungen und Treffen in der Vereinswelt Einblicke in unsere Projekte Ank\u00fcndigungen von wichtigen Terminen und Events Verpasse keine Neuigkeiten mehr und sei Teil [&hellip;]<\/p>\n","protected":false},"author":1,"featured_media":0,"parent":0,"menu_order":0,"comment_status":"closed","ping_status":"closed","template":"page-templates\/full-width-page.php","meta":{"pgc_sgb_lightbox_settings":"","footnotes":""},"class_list":["post-998","page","type-page","status-publish","hentry"],"_links":{"self":[{"href":"https:\/\/lsvd-lsa.de\/en\/wp-json\/wp\/v2\/pages\/998","targetHints":{"allow":["GET"]}}],"collection":[{"href":"https:\/\/lsvd-lsa.de\/en\/wp-json\/wp\/v2\/pages"}],"about":[{"href":"https:\/\/lsvd-lsa.de\/en\/wp-json\/wp\/v2\/types\/page"}],"author":[{"embeddable":true,"href":"https:\/\/lsvd-lsa.de\/en\/wp-json\/wp\/v2\/users\/1"}],"replies":[{"embeddable":true,"href":"https:\/\/lsvd-lsa.de\/en\/wp-json\/wp\/v2\/comments?post=998"}],"version-history":[{"count":4,"href":"https:\/\/lsvd-lsa.de\/en\/wp-json\/wp\/v2\/pages\/998\/revisions"}],"predecessor-version":[{"id":1143,"href":"https:\/\/lsvd-lsa.de\/en\/wp-json\/wp\/v2\/pages\/998\/revisions\/1143"}],"wp:attachment":[{"href":"https:\/\/lsvd-lsa.de\/en\/wp-json\/wp\/v2\/media?parent=998"}],"curies":[{"name":"wp","href":"https:\/\/api.w.org\/{rel}","templated":true}]}}